{"id":103645,"date":"2025-12-03T08:00:58","date_gmt":"2025-12-03T07:00:58","guid":{"rendered":"https:\/\/www.hirtenberg-apotheke.at\/katalog\/produkt\/ren-now-to-sleep-pillow-spray-75-ml\/"},"modified":"2025-12-03T08:01:03","modified_gmt":"2025-12-03T07:01:03","slug":"ren-now-to-sleep-pillow-spray-75-ml","status":"publish","type":"product","link":"https:\/\/www.hirtenberg-apotheke.at\/katalog\/produkt\/ren-now-to-sleep-pillow-spray-75-ml\/","title":{"rendered":"Ren Now To Sleep Pillow Spray 75 ml"},"content":{"rendered":"<p>Schaffen Sie Ihren entspannenden, schlafbereiten Raum, um schneller einzuschlafen und ausgeruht aufzuwachen. Unser &#8222;&#038; Now To Sleep Pillow Spray&#8220; kombiniert die beruhigende Kraft von Lavendel-, Hopfen- und Weihrauchd\u00fcften, um K\u00f6rper und Geist zu entspannen. Ideal f\u00fcr diejenigen, die Schwierigkeiten haben, abzuschalten. Kissen- und pyjamafreundlich. Spr\u00fchen Sie es auf beides oder in das Schlafzimmer, um Ihren Raum in ein Refugium zu verwandeln &#8211; besonders wenn Sie von zu Hause aus arbeiten.<\/p>\n","protected":false},"excerpt":{"rendered":"<p>Schaffen Sie Ihren entspannenden, schlafbereiten Raum, um schneller einzuschlafen und ausgeruht aufzuwachen. Unser &#8222;&#038; Now To Sleep Pillow Spray&#8220; kombiniert die beruhigende Kraft von Lavendel-, Hopfen- und Weihrauchd\u00fcften, um K\u00f6rper und Geist zu entspannen. Ideal f\u00fcr diejenigen, die Schwierigkeiten haben, abzuschalten. Kissen- und pyjamafreundlich. Spr\u00fchen Sie es auf beides oder in das Schlafzimmer, um Ihren [&hellip;]<\/p>\n","protected":false},"featured_media":0,"template":"","meta":{"_acf_changed":false},"product_brand":[1475],"product_cat":[311],"product_tag":[],"class_list":{"0":"post-103645","1":"product","2":"type-product","3":"status-publish","5":"product_brand-ren","6":"product_cat-r","7":"pa_packungsgroesse-75ml","9":"first","10":"instock","11":"shipping-taxable","12":"purchasable","13":"product-type-simple"},"acf":[],"_links":{"self":[{"href":"https:\/\/www.hirtenberg-apotheke.at\/katalog\/wp-json\/wp\/v2\/product\/103645","targetHints":{"allow":["GET"]}}],"collection":[{"href":"https:\/\/www.hirtenberg-apotheke.at\/katalog\/wp-json\/wp\/v2\/product"}],"about":[{"href":"https:\/\/www.hirtenberg-apotheke.at\/katalog\/wp-json\/wp\/v2\/types\/product"}],"wp:attachment":[{"href":"https:\/\/www.hirtenberg-apotheke.at\/katalog\/wp-json\/wp\/v2\/media?parent=103645"}],"wp:term":[{"taxonomy":"product_brand","embeddable":true,"href":"https:\/\/www.hirtenberg-apotheke.at\/katalog\/wp-json\/wp\/v2\/product_brand?post=103645"},{"taxonomy":"product_cat","embeddable":true,"href":"https:\/\/www.hirtenberg-apotheke.at\/katalog\/wp-json\/wp\/v2\/product_cat?post=103645"},{"taxonomy":"product_tag","embeddable":true,"href":"https:\/\/www.hirtenberg-apotheke.at\/katalog\/wp-json\/wp\/v2\/product_tag?post=103645"}],"curies":[{"name":"wp","href":"https:\/\/api.w.org\/{rel}","templated":true}]}}