{"id":103739,"date":"2025-12-03T08:02:58","date_gmt":"2025-12-03T07:02:58","guid":{"rendered":"https:\/\/www.hirtenberg-apotheke.at\/katalog\/produkt\/thorabelt-rippenbruchguertel-1-stk-85-97-cm\/"},"modified":"2025-12-03T08:03:22","modified_gmt":"2025-12-03T07:03:22","slug":"thorabelt-rippenbruchguertel-1-stk-85-97-cm","status":"publish","type":"product","link":"https:\/\/www.hirtenberg-apotheke.at\/katalog\/produkt\/thorabelt-rippenbruchguertel-1-stk-85-97-cm\/","title":{"rendered":"Thorabelt Rippenbruchg\u00fcrtel 1 Stk. 85 &#8211; 97 cm"},"content":{"rendered":"<p>Thorabelt Rippenbruchg\u00fcrtel ist die richtige Hilfe bei Rippenbr\u00fcchen und Brustkorb- Verletzungen, wird \u00fcber der W\u00e4sche getragen und macht den Patienten weitgehend arbeitsf\u00e4hig. Leicht anzulegen und zu regulieren.<\/p>\n","protected":false},"excerpt":{"rendered":"<p>Thorabelt Rippenbruchg\u00fcrtel ist die richtige Hilfe bei Rippenbr\u00fcchen und Brustkorb- Verletzungen, wird \u00fcber der W\u00e4sche getragen und macht den Patienten weitgehend arbeitsf\u00e4hig. Leicht anzulegen und zu regulieren.<\/p>\n","protected":false},"featured_media":0,"template":"","meta":{"_acf_changed":false},"product_brand":[],"product_cat":[319],"product_tag":[],"class_list":{"0":"post-103739","1":"product","2":"type-product","3":"status-publish","5":"product_cat-t","6":"pa_packungsgroesse-1-stueck","8":"first","9":"instock","10":"shipping-taxable","11":"purchasable","12":"product-type-simple"},"acf":[],"_links":{"self":[{"href":"https:\/\/www.hirtenberg-apotheke.at\/katalog\/wp-json\/wp\/v2\/product\/103739","targetHints":{"allow":["GET"]}}],"collection":[{"href":"https:\/\/www.hirtenberg-apotheke.at\/katalog\/wp-json\/wp\/v2\/product"}],"about":[{"href":"https:\/\/www.hirtenberg-apotheke.at\/katalog\/wp-json\/wp\/v2\/types\/product"}],"wp:attachment":[{"href":"https:\/\/www.hirtenberg-apotheke.at\/katalog\/wp-json\/wp\/v2\/media?parent=103739"}],"wp:term":[{"taxonomy":"product_brand","embeddable":true,"href":"https:\/\/www.hirtenberg-apotheke.at\/katalog\/wp-json\/wp\/v2\/product_brand?post=103739"},{"taxonomy":"product_cat","embeddable":true,"href":"https:\/\/www.hirtenberg-apotheke.at\/katalog\/wp-json\/wp\/v2\/product_cat?post=103739"},{"taxonomy":"product_tag","embeddable":true,"href":"https:\/\/www.hirtenberg-apotheke.at\/katalog\/wp-json\/wp\/v2\/product_tag?post=103739"}],"curies":[{"name":"wp","href":"https:\/\/api.w.org\/{rel}","templated":true}]}}