{"id":103828,"date":"2025-12-03T08:05:56","date_gmt":"2025-12-03T07:05:56","guid":{"rendered":"https:\/\/www.hirtenberg-apotheke.at\/katalog\/produkt\/roewo-kalt-warm-kompressen-set-12-x-16-cm\/"},"modified":"2025-12-03T08:06:10","modified_gmt":"2025-12-03T07:06:10","slug":"roewo-kalt-warm-kompressen-set-12-x-16-cm","status":"publish","type":"product","link":"https:\/\/www.hirtenberg-apotheke.at\/katalog\/produkt\/roewo-kalt-warm-kompressen-set-12-x-16-cm\/","title":{"rendered":"R\u00d6WO Kalt-Warm Kompressen-Set 12 x 16 cm"},"content":{"rendered":"<ul style=\"list-style-type: circle;\">&#13;<\/p>\n<li>Hochwertiges Medizinprodukt zur K\u00e4lte- und W\u00e4rmeanwendung<\/li>\n<p>&#13;<\/p>\n<li>Schneller Einsatz durch handliches Format<\/li>\n<p>&#13;<\/p>\n<li>Platzsparende Aufbewahrung in der Gefriertruhe<\/li>\n<p>&#13;<\/p>\n<li>Ausgekennzeichnet durch lange Speicherung und gleichm\u00e4\u00dfige Abgabe der K\u00e4lte<\/li>\n<p>&#13;<\/p>\n<li>Flexible und gleichzeitig robuste Au\u00dfenh\u00fclle<\/li>\n<p>&#13;<\/p>\n<li>W\u00e4rmeanwendung z. Bsp. bei Verspannungen, R\u00fcckenschmerzen, Muskelkater, usw.<\/li>\n<p>&#13;<\/p>\n<li>K\u00e4lteanwendung z. Bsp. bei Prellungen, Verstauchungen, Entz\u00fcndungen, Bluterg\u00fcssen, Fieber, Kopfschmerzen, usw.<\/li>\n<p>&#13;<\/p>\n<li>inkl. waschbarer H\u00fclle mit Klettverschluss<\/li>\n<p>&#13;\n<\/ul>\n","protected":false},"excerpt":{"rendered":"<p>&#13; Hochwertiges Medizinprodukt zur K\u00e4lte- und W\u00e4rmeanwendung &#13; Schneller Einsatz durch handliches Format &#13; Platzsparende Aufbewahrung in der Gefriertruhe &#13; Ausgekennzeichnet durch lange Speicherung und gleichm\u00e4\u00dfige Abgabe der K\u00e4lte &#13; Flexible und gleichzeitig robuste Au\u00dfenh\u00fclle &#13; W\u00e4rmeanwendung z. Bsp. bei Verspannungen, R\u00fcckenschmerzen, Muskelkater, usw. &#13; K\u00e4lteanwendung z. Bsp. bei Prellungen, Verstauchungen, Entz\u00fcndungen, Bluterg\u00fcssen, Fieber, Kopfschmerzen, [&hellip;]<\/p>\n","protected":false},"featured_media":0,"template":"","meta":{"_acf_changed":false},"product_brand":[],"product_cat":[311],"product_tag":[],"class_list":{"0":"post-103828","1":"product","2":"type-product","3":"status-publish","5":"product_cat-r","6":"pa_packungsgroesse-2-stueck","8":"first","9":"instock","10":"shipping-taxable","11":"purchasable","12":"product-type-simple"},"acf":[],"_links":{"self":[{"href":"https:\/\/www.hirtenberg-apotheke.at\/katalog\/wp-json\/wp\/v2\/product\/103828","targetHints":{"allow":["GET"]}}],"collection":[{"href":"https:\/\/www.hirtenberg-apotheke.at\/katalog\/wp-json\/wp\/v2\/product"}],"about":[{"href":"https:\/\/www.hirtenberg-apotheke.at\/katalog\/wp-json\/wp\/v2\/types\/product"}],"wp:attachment":[{"href":"https:\/\/www.hirtenberg-apotheke.at\/katalog\/wp-json\/wp\/v2\/media?parent=103828"}],"wp:term":[{"taxonomy":"product_brand","embeddable":true,"href":"https:\/\/www.hirtenberg-apotheke.at\/katalog\/wp-json\/wp\/v2\/product_brand?post=103828"},{"taxonomy":"product_cat","embeddable":true,"href":"https:\/\/www.hirtenberg-apotheke.at\/katalog\/wp-json\/wp\/v2\/product_cat?post=103828"},{"taxonomy":"product_tag","embeddable":true,"href":"https:\/\/www.hirtenberg-apotheke.at\/katalog\/wp-json\/wp\/v2\/product_tag?post=103828"}],"curies":[{"name":"wp","href":"https:\/\/api.w.org\/{rel}","templated":true}]}}