{"id":103976,"date":"2025-12-03T08:07:58","date_gmt":"2025-12-03T07:07:58","guid":{"rendered":"https:\/\/www.hirtenberg-apotheke.at\/katalog\/produkt\/npd-sanddorn-fruchtfleisch-oel-250-ml-bio\/"},"modified":"2025-12-03T08:08:02","modified_gmt":"2025-12-03T07:08:02","slug":"npd-sanddorn-fruchtfleisch-oel-250-ml-bio","status":"publish","type":"product","link":"https:\/\/www.hirtenberg-apotheke.at\/katalog\/produkt\/npd-sanddorn-fruchtfleisch-oel-250-ml-bio\/","title":{"rendered":"NPD Sanddorn Fruchtfleisch \u00d6l  250 ml BIO"},"content":{"rendered":"<p>NPD ist ein Unternehmen mit einer Vielfalt an Natur\u00f6len, Pulver, Extrakten, Nahrungserg\u00e4nzungsmitteln und Kosmetikartikeln.<\/p>\n","protected":false},"excerpt":{"rendered":"<p>NPD ist ein Unternehmen mit einer Vielfalt an Natur\u00f6len, Pulver, Extrakten, Nahrungserg\u00e4nzungsmitteln und Kosmetikartikeln.<\/p>\n","protected":false},"featured_media":0,"template":"","meta":{"_acf_changed":false},"product_brand":[],"product_cat":[310],"product_tag":[],"class_list":{"0":"post-103976","1":"product","2":"type-product","3":"status-publish","5":"product_cat-n","6":"pa_packungsgroesse-250ml","8":"first","9":"instock","10":"shipping-taxable","11":"purchasable","12":"product-type-simple"},"acf":[],"_links":{"self":[{"href":"https:\/\/www.hirtenberg-apotheke.at\/katalog\/wp-json\/wp\/v2\/product\/103976","targetHints":{"allow":["GET"]}}],"collection":[{"href":"https:\/\/www.hirtenberg-apotheke.at\/katalog\/wp-json\/wp\/v2\/product"}],"about":[{"href":"https:\/\/www.hirtenberg-apotheke.at\/katalog\/wp-json\/wp\/v2\/types\/product"}],"wp:attachment":[{"href":"https:\/\/www.hirtenberg-apotheke.at\/katalog\/wp-json\/wp\/v2\/media?parent=103976"}],"wp:term":[{"taxonomy":"product_brand","embeddable":true,"href":"https:\/\/www.hirtenberg-apotheke.at\/katalog\/wp-json\/wp\/v2\/product_brand?post=103976"},{"taxonomy":"product_cat","embeddable":true,"href":"https:\/\/www.hirtenberg-apotheke.at\/katalog\/wp-json\/wp\/v2\/product_cat?post=103976"},{"taxonomy":"product_tag","embeddable":true,"href":"https:\/\/www.hirtenberg-apotheke.at\/katalog\/wp-json\/wp\/v2\/product_tag?post=103976"}],"curies":[{"name":"wp","href":"https:\/\/api.w.org\/{rel}","templated":true}]}}