{"id":103978,"date":"2025-12-03T08:08:02","date_gmt":"2025-12-03T07:08:02","guid":{"rendered":"https:\/\/www.hirtenberg-apotheke.at\/katalog\/produkt\/sandermin-plus-lactoferrin-kapseln-28-stk\/"},"modified":"2025-12-03T08:08:09","modified_gmt":"2025-12-03T07:08:09","slug":"sandermin-plus-lactoferrin-kapseln-28-stk","status":"publish","type":"product","link":"https:\/\/www.hirtenberg-apotheke.at\/katalog\/produkt\/sandermin-plus-lactoferrin-kapseln-28-stk\/","title":{"rendered":"SanDermin Plus Lactoferrin Kapseln 28 Stk."},"content":{"rendered":"<p>Pickel, Unebenheiten und\u00a0fettige Haut geh\u00f6ren zu den h\u00e4ufigsten Selbstbewusstseins-Killern. Das betrifft dabei nicht nur Jugendliche, sondern auch viele erwachsene Frauen und M\u00e4nner.\u00a0<\/p>\n<p>&#13;<\/p>\n<div>&#13;<\/p>\n<p>SanDermin\u00aeplus Kapseln bieten eine nat\u00fcrliche Unterst\u00fctzung f\u00fcr ein klares und ausgeglichenes Hautbild. Die einzigartige Kombination aus Lactoferrin, Vitamin E und Zink in diesen Kapseln zielt darauf ab, die allgemeine Hautqualit\u00e4t zu verbessern und zu einem strahlendern Erscheinungsbild der Haut beizutragen. Diese Inhaltsstoffe wurden speziell ausgew\u00e4hlt, um das Hautbild bei h\u00e4ufig auftretenden Herausforderungen wie Unebenheiten und \u00fcberm\u00e4\u00dfigem Hautglanz zu unterst\u00fctzen.<\/p>\n<p>&#13;<\/p>\n<p>Die Formulierung von SanDermin\u00aeplus ist frei von hormonellen Bestandteilen, Antibiotika und retinoiden Substanzen, was sie zu einer sicheren und nat\u00fcrlichen Wahl f\u00fcr die t\u00e4gliche Hautpflege macht und ist somit auch f\u00fcr Schwangere und Stillende geeignet. Die regelm\u00e4\u00dfige Einnahme einer Kapsel pro Tag kann dazu beitragen, die Haut bei Herausforderungen zu unterst\u00fctzen und innerhalb von vier Wochen sichtbar zu verbessern. Eine kontinuierliche Einnahme \u00fcber drei Monate wird f\u00fcr optimale Ergebnisse empfohlen.<\/p>\n<p>&#13;\n<\/p><\/div>\n","protected":false},"excerpt":{"rendered":"<p>Pickel, Unebenheiten und\u00a0fettige Haut geh\u00f6ren zu den h\u00e4ufigsten Selbstbewusstseins-Killern. Das betrifft dabei nicht nur Jugendliche, sondern auch viele erwachsene Frauen und M\u00e4nner.\u00a0 &#13; &#13; SanDermin\u00aeplus Kapseln bieten eine nat\u00fcrliche Unterst\u00fctzung f\u00fcr ein klares und ausgeglichenes Hautbild. Die einzigartige Kombination aus Lactoferrin, Vitamin E und Zink in diesen Kapseln zielt darauf ab, die allgemeine Hautqualit\u00e4t zu [&hellip;]<\/p>\n","protected":false},"featured_media":103980,"template":"","meta":{"_acf_changed":false},"product_brand":[],"product_cat":[303],"product_tag":[],"class_list":{"0":"post-103978","1":"product","2":"type-product","3":"status-publish","4":"has-post-thumbnail","6":"product_cat-s","7":"pa_packungsgroesse-28-stueck","9":"first","10":"instock","11":"shipping-taxable","12":"purchasable","13":"product-type-simple"},"acf":[],"_links":{"self":[{"href":"https:\/\/www.hirtenberg-apotheke.at\/katalog\/wp-json\/wp\/v2\/product\/103978","targetHints":{"allow":["GET"]}}],"collection":[{"href":"https:\/\/www.hirtenberg-apotheke.at\/katalog\/wp-json\/wp\/v2\/product"}],"about":[{"href":"https:\/\/www.hirtenberg-apotheke.at\/katalog\/wp-json\/wp\/v2\/types\/product"}],"wp:featuredmedia":[{"embeddable":true,"href":"https:\/\/www.hirtenberg-apotheke.at\/katalog\/wp-json\/wp\/v2\/media\/103980"}],"wp:attachment":[{"href":"https:\/\/www.hirtenberg-apotheke.at\/katalog\/wp-json\/wp\/v2\/media?parent=103978"}],"wp:term":[{"taxonomy":"product_brand","embeddable":true,"href":"https:\/\/www.hirtenberg-apotheke.at\/katalog\/wp-json\/wp\/v2\/product_brand?post=103978"},{"taxonomy":"product_cat","embeddable":true,"href":"https:\/\/www.hirtenberg-apotheke.at\/katalog\/wp-json\/wp\/v2\/product_cat?post=103978"},{"taxonomy":"product_tag","embeddable":true,"href":"https:\/\/www.hirtenberg-apotheke.at\/katalog\/wp-json\/wp\/v2\/product_tag?post=103978"}],"curies":[{"name":"wp","href":"https:\/\/api.w.org\/{rel}","templated":true}]}}