{"id":104339,"date":"2025-12-03T08:13:35","date_gmt":"2025-12-03T07:13:35","guid":{"rendered":"https:\/\/www.hirtenberg-apotheke.at\/katalog\/produkt\/schnuller-soothie-bis-3-monate-natur-1-stk\/"},"modified":"2025-12-03T08:13:37","modified_gmt":"2025-12-03T07:13:37","slug":"schnuller-soothie-bis-3-monate-natur-1-stk","status":"publish","type":"product","link":"https:\/\/www.hirtenberg-apotheke.at\/katalog\/produkt\/schnuller-soothie-bis-3-monate-natur-1-stk\/","title":{"rendered":"Schnuller Soothie Bis 3 Monate Natur 1 Stk."},"content":{"rendered":"<p>Schnuller Soothie Ab 3 Monate ist f\u00fcr Babys mit Z\u00e4hnen \u00fcber 3 Monate geeignet. Der Super Soothie Schnuller ist sowohl f\u00fcr die Verwendung im Krankenhaus als auch f\u00fcr zu Hause geeignet. Der Super Soothie Schnuller hat eine st\u00e4rkere Silikonschicht, ist aus nur einem Teil gearbeitet und ist daher besonders sicher.<\/p>\n","protected":false},"excerpt":{"rendered":"<p>Schnuller Soothie Ab 3 Monate ist f\u00fcr Babys mit Z\u00e4hnen \u00fcber 3 Monate geeignet. Der Super Soothie Schnuller ist sowohl f\u00fcr die Verwendung im Krankenhaus als auch f\u00fcr zu Hause geeignet. Der Super Soothie Schnuller hat eine st\u00e4rkere Silikonschicht, ist aus nur einem Teil gearbeitet und ist daher besonders sicher.<\/p>\n","protected":false},"featured_media":0,"template":"","meta":{"_acf_changed":false},"product_brand":[],"product_cat":[303],"product_tag":[],"class_list":{"0":"post-104339","1":"product","2":"type-product","3":"status-publish","5":"product_cat-s","6":"pa_packungsgroesse-1-stueck","8":"first","9":"instock","10":"shipping-taxable","11":"purchasable","12":"product-type-simple"},"acf":[],"_links":{"self":[{"href":"https:\/\/www.hirtenberg-apotheke.at\/katalog\/wp-json\/wp\/v2\/product\/104339","targetHints":{"allow":["GET"]}}],"collection":[{"href":"https:\/\/www.hirtenberg-apotheke.at\/katalog\/wp-json\/wp\/v2\/product"}],"about":[{"href":"https:\/\/www.hirtenberg-apotheke.at\/katalog\/wp-json\/wp\/v2\/types\/product"}],"wp:attachment":[{"href":"https:\/\/www.hirtenberg-apotheke.at\/katalog\/wp-json\/wp\/v2\/media?parent=104339"}],"wp:term":[{"taxonomy":"product_brand","embeddable":true,"href":"https:\/\/www.hirtenberg-apotheke.at\/katalog\/wp-json\/wp\/v2\/product_brand?post=104339"},{"taxonomy":"product_cat","embeddable":true,"href":"https:\/\/www.hirtenberg-apotheke.at\/katalog\/wp-json\/wp\/v2\/product_cat?post=104339"},{"taxonomy":"product_tag","embeddable":true,"href":"https:\/\/www.hirtenberg-apotheke.at\/katalog\/wp-json\/wp\/v2\/product_tag?post=104339"}],"curies":[{"name":"wp","href":"https:\/\/api.w.org\/{rel}","templated":true}]}}