{"id":104391,"date":"2025-12-03T08:16:10","date_gmt":"2025-12-03T07:16:10","guid":{"rendered":"https:\/\/www.hirtenberg-apotheke.at\/katalog\/produkt\/pflueger-dr-schuessler-nr-16-lithium-chloratum-100-g\/"},"modified":"2025-12-03T08:16:25","modified_gmt":"2025-12-03T07:16:25","slug":"pflueger-dr-schuessler-nr-16-lithium-chloratum-100-g","status":"publish","type":"product","link":"https:\/\/www.hirtenberg-apotheke.at\/katalog\/produkt\/pflueger-dr-schuessler-nr-16-lithium-chloratum-100-g\/","title":{"rendered":"Pfl\u00fcger Dr. Sch\u00fc\u00dfler Nr. 16 Lithium Chloratum 100 g"},"content":{"rendered":"<p>Pfl\u00fcger Dr. Sch\u00fc\u00dfler Nr. 16 Lithium Chloratum f\u00f6rdert die Ausscheidung und Aufl\u00f6sung von Harnstoff und Harns\u00e4urekristallen, weshalb es h\u00e4ufig bei einer Gicht zum Einsatz kommt. Au\u00dferdem l\u00f6st dieses biochemische Salz krankhafte Ablagerungen an den Gelenken und bei Hautwucherungen.<\/p>\n","protected":false},"excerpt":{"rendered":"<p>Pfl\u00fcger Dr. Sch\u00fc\u00dfler Nr. 16 Lithium Chloratum f\u00f6rdert die Ausscheidung und Aufl\u00f6sung von Harnstoff und Harns\u00e4urekristallen, weshalb es h\u00e4ufig bei einer Gicht zum Einsatz kommt. Au\u00dferdem l\u00f6st dieses biochemische Salz krankhafte Ablagerungen an den Gelenken und bei Hautwucherungen.<\/p>\n","protected":false},"featured_media":0,"template":"","meta":{"_acf_changed":false},"product_brand":[],"product_cat":[302],"product_tag":[],"class_list":{"0":"post-104391","1":"product","2":"type-product","3":"status-publish","5":"product_cat-p","6":"pa_packungsgroesse-100g","8":"first","9":"instock","10":"shipping-taxable","11":"purchasable","12":"product-type-simple"},"acf":[],"_links":{"self":[{"href":"https:\/\/www.hirtenberg-apotheke.at\/katalog\/wp-json\/wp\/v2\/product\/104391","targetHints":{"allow":["GET"]}}],"collection":[{"href":"https:\/\/www.hirtenberg-apotheke.at\/katalog\/wp-json\/wp\/v2\/product"}],"about":[{"href":"https:\/\/www.hirtenberg-apotheke.at\/katalog\/wp-json\/wp\/v2\/types\/product"}],"wp:attachment":[{"href":"https:\/\/www.hirtenberg-apotheke.at\/katalog\/wp-json\/wp\/v2\/media?parent=104391"}],"wp:term":[{"taxonomy":"product_brand","embeddable":true,"href":"https:\/\/www.hirtenberg-apotheke.at\/katalog\/wp-json\/wp\/v2\/product_brand?post=104391"},{"taxonomy":"product_cat","embeddable":true,"href":"https:\/\/www.hirtenberg-apotheke.at\/katalog\/wp-json\/wp\/v2\/product_cat?post=104391"},{"taxonomy":"product_tag","embeddable":true,"href":"https:\/\/www.hirtenberg-apotheke.at\/katalog\/wp-json\/wp\/v2\/product_tag?post=104391"}],"curies":[{"name":"wp","href":"https:\/\/api.w.org\/{rel}","templated":true}]}}