{"id":104395,"date":"2025-12-03T08:16:10","date_gmt":"2025-12-03T07:16:10","guid":{"rendered":"https:\/\/www.hirtenberg-apotheke.at\/katalog\/produkt\/pflueger-dr-schuessler-nr-18-calcium-sulfuricum-100-g\/"},"modified":"2025-12-03T08:16:55","modified_gmt":"2025-12-03T07:16:55","slug":"pflueger-dr-schuessler-nr-18-calcium-sulfuricum-100-g","status":"publish","type":"product","link":"https:\/\/www.hirtenberg-apotheke.at\/katalog\/produkt\/pflueger-dr-schuessler-nr-18-calcium-sulfuricum-100-g\/","title":{"rendered":"Pfl\u00fcger Dr. Sch\u00fc\u00dfler Nr. 18 Calcium Sulfuricum 100 g"},"content":{"rendered":"<p>Pfl\u00fcger Dr. Sch\u00fc\u00dfler Nr. 18 Calcium Sulfuricum gilt in der Hom\u00f6opathie als Gegenmittel bei Quecksilbervergiftungen. Au\u00dferdem f\u00f6rdert dieses Mittel die Ausscheidung und Entgiftung von Schwermetallen und unterst\u00fctzt Verbrennungsprozesse in der Zelle, welche wichtig f\u00fcr die Energiegewinnung sind.<\/p>\n","protected":false},"excerpt":{"rendered":"<p>Pfl\u00fcger Dr. Sch\u00fc\u00dfler Nr. 18 Calcium Sulfuricum gilt in der Hom\u00f6opathie als Gegenmittel bei Quecksilbervergiftungen. Au\u00dferdem f\u00f6rdert dieses Mittel die Ausscheidung und Entgiftung von Schwermetallen und unterst\u00fctzt Verbrennungsprozesse in der Zelle, welche wichtig f\u00fcr die Energiegewinnung sind.<\/p>\n","protected":false},"featured_media":0,"template":"","meta":{"_acf_changed":false},"product_brand":[],"product_cat":[302],"product_tag":[],"class_list":{"0":"post-104395","1":"product","2":"type-product","3":"status-publish","5":"product_cat-p","6":"pa_packungsgroesse-100g","8":"first","9":"instock","10":"shipping-taxable","11":"purchasable","12":"product-type-simple"},"acf":[],"_links":{"self":[{"href":"https:\/\/www.hirtenberg-apotheke.at\/katalog\/wp-json\/wp\/v2\/product\/104395","targetHints":{"allow":["GET"]}}],"collection":[{"href":"https:\/\/www.hirtenberg-apotheke.at\/katalog\/wp-json\/wp\/v2\/product"}],"about":[{"href":"https:\/\/www.hirtenberg-apotheke.at\/katalog\/wp-json\/wp\/v2\/types\/product"}],"wp:attachment":[{"href":"https:\/\/www.hirtenberg-apotheke.at\/katalog\/wp-json\/wp\/v2\/media?parent=104395"}],"wp:term":[{"taxonomy":"product_brand","embeddable":true,"href":"https:\/\/www.hirtenberg-apotheke.at\/katalog\/wp-json\/wp\/v2\/product_brand?post=104395"},{"taxonomy":"product_cat","embeddable":true,"href":"https:\/\/www.hirtenberg-apotheke.at\/katalog\/wp-json\/wp\/v2\/product_cat?post=104395"},{"taxonomy":"product_tag","embeddable":true,"href":"https:\/\/www.hirtenberg-apotheke.at\/katalog\/wp-json\/wp\/v2\/product_tag?post=104395"}],"curies":[{"name":"wp","href":"https:\/\/api.w.org\/{rel}","templated":true}]}}