{"id":104400,"date":"2025-12-03T08:16:54","date_gmt":"2025-12-03T07:16:54","guid":{"rendered":"https:\/\/www.hirtenberg-apotheke.at\/katalog\/produkt\/schuessler-adler-nr-20-d-12-tabletten-1000-g\/"},"modified":"2025-12-03T08:17:02","modified_gmt":"2025-12-03T07:17:02","slug":"schuessler-adler-nr-20-d-12-tabletten-1000-g","status":"publish","type":"product","link":"https:\/\/www.hirtenberg-apotheke.at\/katalog\/produkt\/schuessler-adler-nr-20-d-12-tabletten-1000-g\/","title":{"rendered":"Sch\u00fc\u00dfler Adler Nr 20 D 12 Tabletten 1000 g"},"content":{"rendered":"<p>Sch\u00fc\u00dfler Adler Nr 20 D 12 Tabletten haben eine zellreinigende Wirkung und f\u00f6rdern die Ausscheidung von Aluminiumbelastungen aus dem K\u00f6rper. Die Nr. 20 ist ein wichtiges Mittel bei Vergesslichkeit schon in jungen Jahren und wird vorbeugend f\u00fcr Demenz empfohlen. Es wird bei Bl\u00e4hungskoliken und bei trockenen Schleimhautkatarrhen empfohlen, da trockene Gewebe wieder befeuchtet und dadurch regeneriert werden.<\/p>\n","protected":false},"excerpt":{"rendered":"<p>Sch\u00fc\u00dfler Adler Nr 20 D 12 Tabletten haben eine zellreinigende Wirkung und f\u00f6rdern die Ausscheidung von Aluminiumbelastungen aus dem K\u00f6rper. Die Nr. 20 ist ein wichtiges Mittel bei Vergesslichkeit schon in jungen Jahren und wird vorbeugend f\u00fcr Demenz empfohlen. Es wird bei Bl\u00e4hungskoliken und bei trockenen Schleimhautkatarrhen empfohlen, da trockene Gewebe wieder befeuchtet und dadurch [&hellip;]<\/p>\n","protected":false},"featured_media":104402,"template":"","meta":{"_acf_changed":false},"product_brand":[],"product_cat":[303],"product_tag":[],"class_list":{"0":"post-104400","1":"product","2":"type-product","3":"status-publish","4":"has-post-thumbnail","6":"product_cat-s","7":"pa_packungsgroesse-1000g","9":"first","10":"instock","11":"shipping-taxable","12":"purchasable","13":"product-type-simple"},"acf":[],"_links":{"self":[{"href":"https:\/\/www.hirtenberg-apotheke.at\/katalog\/wp-json\/wp\/v2\/product\/104400","targetHints":{"allow":["GET"]}}],"collection":[{"href":"https:\/\/www.hirtenberg-apotheke.at\/katalog\/wp-json\/wp\/v2\/product"}],"about":[{"href":"https:\/\/www.hirtenberg-apotheke.at\/katalog\/wp-json\/wp\/v2\/types\/product"}],"wp:featuredmedia":[{"embeddable":true,"href":"https:\/\/www.hirtenberg-apotheke.at\/katalog\/wp-json\/wp\/v2\/media\/104402"}],"wp:attachment":[{"href":"https:\/\/www.hirtenberg-apotheke.at\/katalog\/wp-json\/wp\/v2\/media?parent=104400"}],"wp:term":[{"taxonomy":"product_brand","embeddable":true,"href":"https:\/\/www.hirtenberg-apotheke.at\/katalog\/wp-json\/wp\/v2\/product_brand?post=104400"},{"taxonomy":"product_cat","embeddable":true,"href":"https:\/\/www.hirtenberg-apotheke.at\/katalog\/wp-json\/wp\/v2\/product_cat?post=104400"},{"taxonomy":"product_tag","embeddable":true,"href":"https:\/\/www.hirtenberg-apotheke.at\/katalog\/wp-json\/wp\/v2\/product_tag?post=104400"}],"curies":[{"name":"wp","href":"https:\/\/api.w.org\/{rel}","templated":true}]}}