{"id":104406,"date":"2025-12-03T08:17:06","date_gmt":"2025-12-03T07:17:06","guid":{"rendered":"https:\/\/www.hirtenberg-apotheke.at\/katalog\/produkt\/schuessler-adler-nr-23-d-12-tabletten-1000-g\/"},"modified":"2025-12-03T08:17:10","modified_gmt":"2025-12-03T07:17:10","slug":"schuessler-adler-nr-23-d-12-tabletten-1000-g","status":"publish","type":"product","link":"https:\/\/www.hirtenberg-apotheke.at\/katalog\/produkt\/schuessler-adler-nr-23-d-12-tabletten-1000-g\/","title":{"rendered":"Sch\u00fc\u00dfler Adler Nr 23 D 12 Tabletten 1000 g"},"content":{"rendered":"<p>Sch\u00fc\u00dfler Adler Nr 23 D 12 Tabletten werden bei \u00dcbers\u00e4uerung, saurem Aufsto\u00dfen und Sodbrennen angewendet. Die Nr. 20 kurbelt einen tr\u00e4gen Stoffwechsel an und f\u00f6rdert die Schadstoffausscheidung. Empfohlen wird sie bei allen Regenerationsprozessen, die eine vermehrte Ausscheidung von sauren Stoffwechselendprodukten ben\u00f6tigen.<\/p>\n","protected":false},"excerpt":{"rendered":"<p>Sch\u00fc\u00dfler Adler Nr 23 D 12 Tabletten werden bei \u00dcbers\u00e4uerung, saurem Aufsto\u00dfen und Sodbrennen angewendet. Die Nr. 20 kurbelt einen tr\u00e4gen Stoffwechsel an und f\u00f6rdert die Schadstoffausscheidung. Empfohlen wird sie bei allen Regenerationsprozessen, die eine vermehrte Ausscheidung von sauren Stoffwechselendprodukten ben\u00f6tigen.<\/p>\n","protected":false},"featured_media":104408,"template":"","meta":{"_acf_changed":false},"product_brand":[],"product_cat":[303],"product_tag":[],"class_list":{"0":"post-104406","1":"product","2":"type-product","3":"status-publish","4":"has-post-thumbnail","6":"product_cat-s","7":"pa_packungsgroesse-1000g","9":"first","10":"instock","11":"shipping-taxable","12":"purchasable","13":"product-type-simple"},"acf":[],"_links":{"self":[{"href":"https:\/\/www.hirtenberg-apotheke.at\/katalog\/wp-json\/wp\/v2\/product\/104406","targetHints":{"allow":["GET"]}}],"collection":[{"href":"https:\/\/www.hirtenberg-apotheke.at\/katalog\/wp-json\/wp\/v2\/product"}],"about":[{"href":"https:\/\/www.hirtenberg-apotheke.at\/katalog\/wp-json\/wp\/v2\/types\/product"}],"wp:featuredmedia":[{"embeddable":true,"href":"https:\/\/www.hirtenberg-apotheke.at\/katalog\/wp-json\/wp\/v2\/media\/104408"}],"wp:attachment":[{"href":"https:\/\/www.hirtenberg-apotheke.at\/katalog\/wp-json\/wp\/v2\/media?parent=104406"}],"wp:term":[{"taxonomy":"product_brand","embeddable":true,"href":"https:\/\/www.hirtenberg-apotheke.at\/katalog\/wp-json\/wp\/v2\/product_brand?post=104406"},{"taxonomy":"product_cat","embeddable":true,"href":"https:\/\/www.hirtenberg-apotheke.at\/katalog\/wp-json\/wp\/v2\/product_cat?post=104406"},{"taxonomy":"product_tag","embeddable":true,"href":"https:\/\/www.hirtenberg-apotheke.at\/katalog\/wp-json\/wp\/v2\/product_tag?post=104406"}],"curies":[{"name":"wp","href":"https:\/\/api.w.org\/{rel}","templated":true}]}}