{"id":104433,"date":"2025-12-03T08:18:04","date_gmt":"2025-12-03T07:18:04","guid":{"rendered":"https:\/\/www.hirtenberg-apotheke.at\/katalog\/produkt\/adler-pharma-schuessler-face-clean-200-ml\/"},"modified":"2025-12-03T08:18:14","modified_gmt":"2025-12-03T07:18:14","slug":"adler-pharma-schuessler-face-clean-200-ml","status":"publish","type":"product","link":"https:\/\/www.hirtenberg-apotheke.at\/katalog\/produkt\/adler-pharma-schuessler-face-clean-200-ml\/","title":{"rendered":"Adler Pharma Sch\u00fc\u00dfler Face Clean 200 ml"},"content":{"rendered":"<p>Adler Pharma Dr. Sch\u00fc\u00dfler Face Clean bindet Feuchtigkeit in der Haut. Weizenkeimextrakt und Panthenol pflegen sanft, Teebaum\u00f6l wirkt leicht desinfizierend. Die enthaltenen hoch verd\u00fcnnten Mineralstoffe unterst\u00fctzen das Stoffwechselgeschehen der Haut.<\/p>\n","protected":false},"excerpt":{"rendered":"<p>Adler Pharma Dr. Sch\u00fc\u00dfler Face Clean bindet Feuchtigkeit in der Haut. Weizenkeimextrakt und Panthenol pflegen sanft, Teebaum\u00f6l wirkt leicht desinfizierend. Die enthaltenen hoch verd\u00fcnnten Mineralstoffe unterst\u00fctzen das Stoffwechselgeschehen der Haut.<\/p>\n","protected":false},"featured_media":104435,"template":"","meta":{"_acf_changed":false},"product_brand":[],"product_cat":[299],"product_tag":[],"class_list":{"0":"post-104433","1":"product","2":"type-product","3":"status-publish","4":"has-post-thumbnail","6":"product_cat-a","7":"pa_packungsgroesse-200ml","9":"first","10":"instock","11":"shipping-taxable","12":"purchasable","13":"product-type-simple"},"acf":[],"_links":{"self":[{"href":"https:\/\/www.hirtenberg-apotheke.at\/katalog\/wp-json\/wp\/v2\/product\/104433","targetHints":{"allow":["GET"]}}],"collection":[{"href":"https:\/\/www.hirtenberg-apotheke.at\/katalog\/wp-json\/wp\/v2\/product"}],"about":[{"href":"https:\/\/www.hirtenberg-apotheke.at\/katalog\/wp-json\/wp\/v2\/types\/product"}],"wp:featuredmedia":[{"embeddable":true,"href":"https:\/\/www.hirtenberg-apotheke.at\/katalog\/wp-json\/wp\/v2\/media\/104435"}],"wp:attachment":[{"href":"https:\/\/www.hirtenberg-apotheke.at\/katalog\/wp-json\/wp\/v2\/media?parent=104433"}],"wp:term":[{"taxonomy":"product_brand","embeddable":true,"href":"https:\/\/www.hirtenberg-apotheke.at\/katalog\/wp-json\/wp\/v2\/product_brand?post=104433"},{"taxonomy":"product_cat","embeddable":true,"href":"https:\/\/www.hirtenberg-apotheke.at\/katalog\/wp-json\/wp\/v2\/product_cat?post=104433"},{"taxonomy":"product_tag","embeddable":true,"href":"https:\/\/www.hirtenberg-apotheke.at\/katalog\/wp-json\/wp\/v2\/product_tag?post=104433"}],"curies":[{"name":"wp","href":"https:\/\/api.w.org\/{rel}","templated":true}]}}