{"id":104450,"date":"2025-12-03T08:18:20","date_gmt":"2025-12-03T07:18:20","guid":{"rendered":"https:\/\/www.hirtenberg-apotheke.at\/katalog\/produkt\/ratiopharm-schwangerschafts-fruehtest-2-stk\/"},"modified":"2025-12-03T08:19:01","modified_gmt":"2025-12-03T07:19:01","slug":"ratiopharm-schwangerschafts-fruehtest-2-stk","status":"publish","type":"product","link":"https:\/\/www.hirtenberg-apotheke.at\/katalog\/produkt\/ratiopharm-schwangerschafts-fruehtest-2-stk\/","title":{"rendered":"Ratiopharm Schwangerschafts-Fr\u00fchtest 2 Stk."},"content":{"rendered":"<p>Ratiopharm Schwangerschafts-Fr\u00fchtest zur fr\u00fchzeitigen Erkennung einer Schwangerschaft. Ergebnis in nur 3 Minuten mit \u00fcber 99% Zuverl\u00e4ssigkeit. Einfache Anwendung. Erkennung der Schwangerschaft \u00fcber das Schwangerschaftshormon hCG (humanes Choriongonadotropin) im Urin.<\/p>\n","protected":false},"excerpt":{"rendered":"<p>Ratiopharm Schwangerschafts-Fr\u00fchtest zur fr\u00fchzeitigen Erkennung einer Schwangerschaft. Ergebnis in nur 3 Minuten mit \u00fcber 99% Zuverl\u00e4ssigkeit. Einfache Anwendung. Erkennung der Schwangerschaft \u00fcber das Schwangerschaftshormon hCG (humanes Choriongonadotropin) im Urin.<\/p>\n","protected":false},"featured_media":104452,"template":"","meta":{"_acf_changed":false},"product_brand":[],"product_cat":[311],"product_tag":[],"class_list":{"0":"post-104450","1":"product","2":"type-product","3":"status-publish","4":"has-post-thumbnail","6":"product_cat-r","7":"pa_packungsgroesse-2-stueck","9":"first","10":"instock","11":"shipping-taxable","12":"purchasable","13":"product-type-simple"},"acf":[],"_links":{"self":[{"href":"https:\/\/www.hirtenberg-apotheke.at\/katalog\/wp-json\/wp\/v2\/product\/104450","targetHints":{"allow":["GET"]}}],"collection":[{"href":"https:\/\/www.hirtenberg-apotheke.at\/katalog\/wp-json\/wp\/v2\/product"}],"about":[{"href":"https:\/\/www.hirtenberg-apotheke.at\/katalog\/wp-json\/wp\/v2\/types\/product"}],"wp:featuredmedia":[{"embeddable":true,"href":"https:\/\/www.hirtenberg-apotheke.at\/katalog\/wp-json\/wp\/v2\/media\/104452"}],"wp:attachment":[{"href":"https:\/\/www.hirtenberg-apotheke.at\/katalog\/wp-json\/wp\/v2\/media?parent=104450"}],"wp:term":[{"taxonomy":"product_brand","embeddable":true,"href":"https:\/\/www.hirtenberg-apotheke.at\/katalog\/wp-json\/wp\/v2\/product_brand?post=104450"},{"taxonomy":"product_cat","embeddable":true,"href":"https:\/\/www.hirtenberg-apotheke.at\/katalog\/wp-json\/wp\/v2\/product_cat?post=104450"},{"taxonomy":"product_tag","embeddable":true,"href":"https:\/\/www.hirtenberg-apotheke.at\/katalog\/wp-json\/wp\/v2\/product_tag?post=104450"}],"curies":[{"name":"wp","href":"https:\/\/api.w.org\/{rel}","templated":true}]}}