{"id":104471,"date":"2025-12-03T08:19:23","date_gmt":"2025-12-03T07:19:23","guid":{"rendered":"https:\/\/www.hirtenberg-apotheke.at\/katalog\/produkt\/drapal-schwedenbitter-500-ml\/"},"modified":"2025-12-03T08:19:30","modified_gmt":"2025-12-03T07:19:30","slug":"drapal-schwedenbitter-500-ml","status":"publish","type":"product","link":"https:\/\/www.hirtenberg-apotheke.at\/katalog\/produkt\/drapal-schwedenbitter-500-ml\/","title":{"rendered":"Drapal Schwedenbitter 500 ml"},"content":{"rendered":"<p>Drapal Schwedenbitter wurde nur mit ausgesuchten, echten Kr\u00e4utern erzeugt und \u00fcber ein Jahr im Fass gelagert. Es ist selbstverst\u00e4ndlich, dass nur erlesene und nach strengen Ma\u00dfst\u00e4ben gepr\u00fcfte Kr\u00e4uter verwendet werden.<\/p>\n","protected":false},"excerpt":{"rendered":"<p>Drapal Schwedenbitter wurde nur mit ausgesuchten, echten Kr\u00e4utern erzeugt und \u00fcber ein Jahr im Fass gelagert. Es ist selbstverst\u00e4ndlich, dass nur erlesene und nach strengen Ma\u00dfst\u00e4ben gepr\u00fcfte Kr\u00e4uter verwendet werden.<\/p>\n","protected":false},"featured_media":104473,"template":"","meta":{"_acf_changed":false},"product_brand":[],"product_cat":[295],"product_tag":[],"class_list":{"0":"post-104471","1":"product","2":"type-product","3":"status-publish","4":"has-post-thumbnail","6":"product_cat-d","7":"pa_packungsgroesse-500ml","9":"first","10":"instock","11":"shipping-taxable","12":"purchasable","13":"product-type-simple"},"acf":[],"_links":{"self":[{"href":"https:\/\/www.hirtenberg-apotheke.at\/katalog\/wp-json\/wp\/v2\/product\/104471","targetHints":{"allow":["GET"]}}],"collection":[{"href":"https:\/\/www.hirtenberg-apotheke.at\/katalog\/wp-json\/wp\/v2\/product"}],"about":[{"href":"https:\/\/www.hirtenberg-apotheke.at\/katalog\/wp-json\/wp\/v2\/types\/product"}],"wp:featuredmedia":[{"embeddable":true,"href":"https:\/\/www.hirtenberg-apotheke.at\/katalog\/wp-json\/wp\/v2\/media\/104473"}],"wp:attachment":[{"href":"https:\/\/www.hirtenberg-apotheke.at\/katalog\/wp-json\/wp\/v2\/media?parent=104471"}],"wp:term":[{"taxonomy":"product_brand","embeddable":true,"href":"https:\/\/www.hirtenberg-apotheke.at\/katalog\/wp-json\/wp\/v2\/product_brand?post=104471"},{"taxonomy":"product_cat","embeddable":true,"href":"https:\/\/www.hirtenberg-apotheke.at\/katalog\/wp-json\/wp\/v2\/product_cat?post=104471"},{"taxonomy":"product_tag","embeddable":true,"href":"https:\/\/www.hirtenberg-apotheke.at\/katalog\/wp-json\/wp\/v2\/product_tag?post=104471"}],"curies":[{"name":"wp","href":"https:\/\/api.w.org\/{rel}","templated":true}]}}