{"id":104506,"date":"2025-12-03T08:20:27","date_gmt":"2025-12-03T07:20:27","guid":{"rendered":"https:\/\/www.hirtenberg-apotheke.at\/katalog\/produkt\/selenase-200-xxl-tabletten-90-stk\/"},"modified":"2025-12-03T08:20:51","modified_gmt":"2025-12-03T07:20:51","slug":"selenase-200-xxl-tabletten-90-stk","status":"publish","type":"product","link":"https:\/\/www.hirtenberg-apotheke.at\/katalog\/produkt\/selenase-200-xxl-tabletten-90-stk\/","title":{"rendered":"Selenase 200 XXL Tabletten 90 Stk."},"content":{"rendered":"<p>selenase\u00a0200 XXL sind ein Nahrungserg\u00e4nzungsmittel mit anorganischem Selen (Natriumselenit), die f\u00fcr die Optimierung der Selenversorgung im K\u00f6rper sorgen.<\/p>\n<p>&#13;<\/p>\n<p>\u00a0<\/p>\n<p>&#13;<\/p>\n<ul>&#13;<\/p>\n<li>Tr\u00e4gt zu einer normalen Funktion des Immunsystems bei<br \/>\u00a0<\/li>\n<p>&#13;<\/p>\n<li>Unterst\u00fctzt die Erhaltung einer normalen Schilddr\u00fcsenfunktion<br \/>\u00a0<\/li>\n<p>&#13;<\/p>\n<li>Sch\u00fctzt die Zellen vor oxidativem Stress<\/li>\n<p>&#13;\n<\/ul>\n","protected":false},"excerpt":{"rendered":"<p>selenase\u00a0200 XXL sind ein Nahrungserg\u00e4nzungsmittel mit anorganischem Selen (Natriumselenit), die f\u00fcr die Optimierung der Selenversorgung im K\u00f6rper sorgen. &#13; \u00a0 &#13; &#13; Tr\u00e4gt zu einer normalen Funktion des Immunsystems bei\u00a0 &#13; Unterst\u00fctzt die Erhaltung einer normalen Schilddr\u00fcsenfunktion\u00a0 &#13; Sch\u00fctzt die Zellen vor oxidativem Stress &#13;<\/p>\n","protected":false},"featured_media":0,"template":"","meta":{"_acf_changed":false},"product_brand":[],"product_cat":[303],"product_tag":[],"class_list":{"0":"post-104506","1":"product","2":"type-product","3":"status-publish","5":"product_cat-s","6":"pa_packungsgroesse-90-stueck","8":"first","9":"instock","10":"shipping-taxable","11":"purchasable","12":"product-type-simple"},"acf":[],"_links":{"self":[{"href":"https:\/\/www.hirtenberg-apotheke.at\/katalog\/wp-json\/wp\/v2\/product\/104506","targetHints":{"allow":["GET"]}}],"collection":[{"href":"https:\/\/www.hirtenberg-apotheke.at\/katalog\/wp-json\/wp\/v2\/product"}],"about":[{"href":"https:\/\/www.hirtenberg-apotheke.at\/katalog\/wp-json\/wp\/v2\/types\/product"}],"wp:attachment":[{"href":"https:\/\/www.hirtenberg-apotheke.at\/katalog\/wp-json\/wp\/v2\/media?parent=104506"}],"wp:term":[{"taxonomy":"product_brand","embeddable":true,"href":"https:\/\/www.hirtenberg-apotheke.at\/katalog\/wp-json\/wp\/v2\/product_brand?post=104506"},{"taxonomy":"product_cat","embeddable":true,"href":"https:\/\/www.hirtenberg-apotheke.at\/katalog\/wp-json\/wp\/v2\/product_cat?post=104506"},{"taxonomy":"product_tag","embeddable":true,"href":"https:\/\/www.hirtenberg-apotheke.at\/katalog\/wp-json\/wp\/v2\/product_tag?post=104506"}],"curies":[{"name":"wp","href":"https:\/\/api.w.org\/{rel}","templated":true}]}}