{"id":104545,"date":"2025-12-03T08:21:56","date_gmt":"2025-12-03T07:21:56","guid":{"rendered":"https:\/\/www.hirtenberg-apotheke.at\/katalog\/produkt\/sinfrontal-tabletten-150-stk\/"},"modified":"2025-12-03T08:22:22","modified_gmt":"2025-12-03T07:22:22","slug":"sinfrontal-tabletten-150-stk","status":"publish","type":"product","link":"https:\/\/www.hirtenberg-apotheke.at\/katalog\/produkt\/sinfrontal-tabletten-150-stk\/","title":{"rendered":"Sinfrontal Tabletten 150 Stk."},"content":{"rendered":"<p>Sinfrontal Tabletten ist ein hom\u00f6opathisches Arzneimittel bei Erkrankungen der Atemorgane, wie beispielsweise Nasennebenh\u00f6hlenentz\u00fcndungen.<\/p>\n","protected":false},"excerpt":{"rendered":"<p>Sinfrontal Tabletten ist ein hom\u00f6opathisches Arzneimittel bei Erkrankungen der Atemorgane, wie beispielsweise Nasennebenh\u00f6hlenentz\u00fcndungen.<\/p>\n","protected":false},"featured_media":104547,"template":"","meta":{"_acf_changed":false},"product_brand":[],"product_cat":[303],"product_tag":[],"class_list":{"0":"post-104545","1":"product","2":"type-product","3":"status-publish","4":"has-post-thumbnail","6":"product_cat-s","7":"pa_packungsgroesse-150-stueck","9":"first","10":"instock","11":"shipping-taxable","12":"purchasable","13":"product-type-simple"},"acf":[],"_links":{"self":[{"href":"https:\/\/www.hirtenberg-apotheke.at\/katalog\/wp-json\/wp\/v2\/product\/104545","targetHints":{"allow":["GET"]}}],"collection":[{"href":"https:\/\/www.hirtenberg-apotheke.at\/katalog\/wp-json\/wp\/v2\/product"}],"about":[{"href":"https:\/\/www.hirtenberg-apotheke.at\/katalog\/wp-json\/wp\/v2\/types\/product"}],"wp:featuredmedia":[{"embeddable":true,"href":"https:\/\/www.hirtenberg-apotheke.at\/katalog\/wp-json\/wp\/v2\/media\/104547"}],"wp:attachment":[{"href":"https:\/\/www.hirtenberg-apotheke.at\/katalog\/wp-json\/wp\/v2\/media?parent=104545"}],"wp:term":[{"taxonomy":"product_brand","embeddable":true,"href":"https:\/\/www.hirtenberg-apotheke.at\/katalog\/wp-json\/wp\/v2\/product_brand?post=104545"},{"taxonomy":"product_cat","embeddable":true,"href":"https:\/\/www.hirtenberg-apotheke.at\/katalog\/wp-json\/wp\/v2\/product_cat?post=104545"},{"taxonomy":"product_tag","embeddable":true,"href":"https:\/\/www.hirtenberg-apotheke.at\/katalog\/wp-json\/wp\/v2\/product_tag?post=104545"}],"curies":[{"name":"wp","href":"https:\/\/api.w.org\/{rel}","templated":true}]}}