{"id":104648,"date":"2025-12-03T08:25:56","date_gmt":"2025-12-03T07:25:56","guid":{"rendered":"https:\/\/www.hirtenberg-apotheke.at\/katalog\/produkt\/sonnentor-basilikum-bio-15-g\/"},"modified":"2025-12-03T08:26:38","modified_gmt":"2025-12-03T07:26:38","slug":"sonnentor-basilikum-bio-15-g","status":"publish","type":"product","link":"https:\/\/www.hirtenberg-apotheke.at\/katalog\/produkt\/sonnentor-basilikum-bio-15-g\/","title":{"rendered":"Sonnentor Basilikum bio 15 g"},"content":{"rendered":"<p>Mit Sonnentor Basilikum in der 15 g Packung f\u00fchlen Sie sich in Ihrer K\u00fcche im Handumdrehen wie in Bella Italia. Basilikum schmeckt himmlisch in Salaten, Fisch, Meeresfr\u00fcchten und Pasta und darf man in keinem Gew\u00fcrzregal missen<\/p>\n","protected":false},"excerpt":{"rendered":"<p>Mit Sonnentor Basilikum in der 15 g Packung f\u00fchlen Sie sich in Ihrer K\u00fcche im Handumdrehen wie in Bella Italia. Basilikum schmeckt himmlisch in Salaten, Fisch, Meeresfr\u00fcchten und Pasta und darf man in keinem Gew\u00fcrzregal missen<\/p>\n","protected":false},"featured_media":104650,"template":"","meta":{"_acf_changed":false},"product_brand":[917],"product_cat":[303],"product_tag":[],"class_list":{"0":"post-104648","1":"product","2":"type-product","3":"status-publish","4":"has-post-thumbnail","6":"product_brand-sonnentor","7":"product_cat-s","8":"pa_packungsgroesse-15g","10":"first","11":"instock","12":"shipping-taxable","13":"purchasable","14":"product-type-simple"},"acf":[],"_links":{"self":[{"href":"https:\/\/www.hirtenberg-apotheke.at\/katalog\/wp-json\/wp\/v2\/product\/104648","targetHints":{"allow":["GET"]}}],"collection":[{"href":"https:\/\/www.hirtenberg-apotheke.at\/katalog\/wp-json\/wp\/v2\/product"}],"about":[{"href":"https:\/\/www.hirtenberg-apotheke.at\/katalog\/wp-json\/wp\/v2\/types\/product"}],"wp:featuredmedia":[{"embeddable":true,"href":"https:\/\/www.hirtenberg-apotheke.at\/katalog\/wp-json\/wp\/v2\/media\/104650"}],"wp:attachment":[{"href":"https:\/\/www.hirtenberg-apotheke.at\/katalog\/wp-json\/wp\/v2\/media?parent=104648"}],"wp:term":[{"taxonomy":"product_brand","embeddable":true,"href":"https:\/\/www.hirtenberg-apotheke.at\/katalog\/wp-json\/wp\/v2\/product_brand?post=104648"},{"taxonomy":"product_cat","embeddable":true,"href":"https:\/\/www.hirtenberg-apotheke.at\/katalog\/wp-json\/wp\/v2\/product_cat?post=104648"},{"taxonomy":"product_tag","embeddable":true,"href":"https:\/\/www.hirtenberg-apotheke.at\/katalog\/wp-json\/wp\/v2\/product_tag?post=104648"}],"curies":[{"name":"wp","href":"https:\/\/api.w.org\/{rel}","templated":true}]}}