{"id":104741,"date":"2025-12-03T08:30:15","date_gmt":"2025-12-03T07:30:15","guid":{"rendered":"https:\/\/www.hirtenberg-apotheke.at\/katalog\/produkt\/sonnentor-hildegard-gemuesesuppe-klar-120-g-bio\/"},"modified":"2025-12-03T08:30:20","modified_gmt":"2025-12-03T07:30:20","slug":"sonnentor-hildegard-gemuesesuppe-klar-120-g-bio","status":"publish","type":"product","link":"https:\/\/www.hirtenberg-apotheke.at\/katalog\/produkt\/sonnentor-hildegard-gemuesesuppe-klar-120-g-bio\/","title":{"rendered":"Sonnentor Hildegard Gem\u00fcsesuppe Klar 120 g BIO"},"content":{"rendered":"<p>Die Sonnentor Gem\u00fcsesuppe klar Hildegard im 120 g Glas enth\u00e4lt nur vollreifes getrocknetes Gem\u00fcse wie Karotten oder Pastinaken und ausgew\u00e4hlte Hildegard-Gew\u00fcrze wie Ysop und Galgant. Gut im Geschmack und schnell zubereitet.<\/p>\n","protected":false},"excerpt":{"rendered":"<p>Die Sonnentor Gem\u00fcsesuppe klar Hildegard im 120 g Glas enth\u00e4lt nur vollreifes getrocknetes Gem\u00fcse wie Karotten oder Pastinaken und ausgew\u00e4hlte Hildegard-Gew\u00fcrze wie Ysop und Galgant. Gut im Geschmack und schnell zubereitet.<\/p>\n","protected":false},"featured_media":104743,"template":"","meta":{"_acf_changed":false},"product_brand":[917],"product_cat":[303],"product_tag":[],"class_list":{"0":"post-104741","1":"product","2":"type-product","3":"status-publish","4":"has-post-thumbnail","6":"product_brand-sonnentor","7":"product_cat-s","8":"pa_packungsgroesse-120g","10":"first","11":"instock","12":"shipping-taxable","13":"purchasable","14":"product-type-simple"},"acf":[],"_links":{"self":[{"href":"https:\/\/www.hirtenberg-apotheke.at\/katalog\/wp-json\/wp\/v2\/product\/104741","targetHints":{"allow":["GET"]}}],"collection":[{"href":"https:\/\/www.hirtenberg-apotheke.at\/katalog\/wp-json\/wp\/v2\/product"}],"about":[{"href":"https:\/\/www.hirtenberg-apotheke.at\/katalog\/wp-json\/wp\/v2\/types\/product"}],"wp:featuredmedia":[{"embeddable":true,"href":"https:\/\/www.hirtenberg-apotheke.at\/katalog\/wp-json\/wp\/v2\/media\/104743"}],"wp:attachment":[{"href":"https:\/\/www.hirtenberg-apotheke.at\/katalog\/wp-json\/wp\/v2\/media?parent=104741"}],"wp:term":[{"taxonomy":"product_brand","embeddable":true,"href":"https:\/\/www.hirtenberg-apotheke.at\/katalog\/wp-json\/wp\/v2\/product_brand?post=104741"},{"taxonomy":"product_cat","embeddable":true,"href":"https:\/\/www.hirtenberg-apotheke.at\/katalog\/wp-json\/wp\/v2\/product_cat?post=104741"},{"taxonomy":"product_tag","embeddable":true,"href":"https:\/\/www.hirtenberg-apotheke.at\/katalog\/wp-json\/wp\/v2\/product_tag?post=104741"}],"curies":[{"name":"wp","href":"https:\/\/api.w.org\/{rel}","templated":true}]}}