{"id":104766,"date":"2025-12-03T08:30:50","date_gmt":"2025-12-03T07:30:50","guid":{"rendered":"https:\/\/www.hirtenberg-apotheke.at\/katalog\/produkt\/sonnentor-chai-kuesschen-gewuerz-blueten-zubereitung-streudose-70-g-bio\/"},"modified":"2025-12-03T08:31:14","modified_gmt":"2025-12-03T07:31:14","slug":"sonnentor-chai-kuesschen-gewuerz-blueten-zubereitung-streudose-70-g-bio","status":"publish","type":"product","link":"https:\/\/www.hirtenberg-apotheke.at\/katalog\/produkt\/sonnentor-chai-kuesschen-gewuerz-blueten-zubereitung-streudose-70-g-bio\/","title":{"rendered":"Sonnentor Chai K\u00fcsschen Gew\u00fcrz-Bl\u00fcten-Zubereitung Streudose 70 g BIO"},"content":{"rendered":"<p>Die Sonnentor Chai K\u00fcsschen Gew\u00fcrz-Bl\u00fcten-Zubereitung in der 70 g Streudose verpasst Ihren Desserts und dem Milchschaum auf Ihrem Kaffee eine sinnliche W\u00fcrze aus 1001 Nacht. W\u00fcrziger Kardamom, Zimt, Piment, Ingwer und ein wenig Bio R\u00fcbenzucker sorgen f\u00fcr ein orientalisches Aroma, das auch dem klassischen Milchreis eine exotische Note verleiht.<\/p>\n","protected":false},"excerpt":{"rendered":"<p>Die Sonnentor Chai K\u00fcsschen Gew\u00fcrz-Bl\u00fcten-Zubereitung in der 70 g Streudose verpasst Ihren Desserts und dem Milchschaum auf Ihrem Kaffee eine sinnliche W\u00fcrze aus 1001 Nacht. W\u00fcrziger Kardamom, Zimt, Piment, Ingwer und ein wenig Bio R\u00fcbenzucker sorgen f\u00fcr ein orientalisches Aroma, das auch dem klassischen Milchreis eine exotische Note verleiht.<\/p>\n","protected":false},"featured_media":104768,"template":"","meta":{"_acf_changed":false},"product_brand":[917],"product_cat":[303],"product_tag":[],"class_list":{"0":"post-104766","1":"product","2":"type-product","3":"status-publish","4":"has-post-thumbnail","6":"product_brand-sonnentor","7":"product_cat-s","8":"pa_packungsgroesse-70g","10":"first","11":"instock","12":"shipping-taxable","13":"purchasable","14":"product-type-simple"},"acf":[],"_links":{"self":[{"href":"https:\/\/www.hirtenberg-apotheke.at\/katalog\/wp-json\/wp\/v2\/product\/104766","targetHints":{"allow":["GET"]}}],"collection":[{"href":"https:\/\/www.hirtenberg-apotheke.at\/katalog\/wp-json\/wp\/v2\/product"}],"about":[{"href":"https:\/\/www.hirtenberg-apotheke.at\/katalog\/wp-json\/wp\/v2\/types\/product"}],"wp:featuredmedia":[{"embeddable":true,"href":"https:\/\/www.hirtenberg-apotheke.at\/katalog\/wp-json\/wp\/v2\/media\/104768"}],"wp:attachment":[{"href":"https:\/\/www.hirtenberg-apotheke.at\/katalog\/wp-json\/wp\/v2\/media?parent=104766"}],"wp:term":[{"taxonomy":"product_brand","embeddable":true,"href":"https:\/\/www.hirtenberg-apotheke.at\/katalog\/wp-json\/wp\/v2\/product_brand?post=104766"},{"taxonomy":"product_cat","embeddable":true,"href":"https:\/\/www.hirtenberg-apotheke.at\/katalog\/wp-json\/wp\/v2\/product_cat?post=104766"},{"taxonomy":"product_tag","embeddable":true,"href":"https:\/\/www.hirtenberg-apotheke.at\/katalog\/wp-json\/wp\/v2\/product_tag?post=104766"}],"curies":[{"name":"wp","href":"https:\/\/api.w.org\/{rel}","templated":true}]}}