{"id":104799,"date":"2025-12-03T08:32:20","date_gmt":"2025-12-03T07:32:20","guid":{"rendered":"https:\/\/www.hirtenberg-apotheke.at\/katalog\/produkt\/sonnentor-laune-gut-alles-gut-gewuerz-blueten-zubereitung-streudose-25-g-bio\/"},"modified":"2025-12-03T08:32:39","modified_gmt":"2025-12-03T07:32:39","slug":"sonnentor-laune-gut-alles-gut-gewuerz-blueten-zubereitung-streudose-25-g-bio","status":"publish","type":"product","link":"https:\/\/www.hirtenberg-apotheke.at\/katalog\/produkt\/sonnentor-laune-gut-alles-gut-gewuerz-blueten-zubereitung-streudose-25-g-bio\/","title":{"rendered":"Sonnentor Laune gut, alles gut Gew\u00fcrz-Bl\u00fcten-Zubereitung Streudose 25 g BIO"},"content":{"rendered":"<p>Die Sonnentor Laune gut, alles gut\u00ae Gew\u00fcrz-Bl\u00fcten-Zubereitung in der 25 g Streudose sorgt mit ihrer mediterranen Komposition aus Knoblauch, Oregano, Basilikum, Thymian, Rosenbl\u00fcten und Rosmarin f\u00fcr einen herrlichen Gute-Laune-Schub. Das feine Aroma dieser Zubereitung schmeckt hervorragend in Gem\u00fcse-, Nudel- und Reisgerichten sowie Vorspeisen, Salaten und Terrinen.<\/p>\n","protected":false},"excerpt":{"rendered":"<p>Die Sonnentor Laune gut, alles gut\u00ae Gew\u00fcrz-Bl\u00fcten-Zubereitung in der 25 g Streudose sorgt mit ihrer mediterranen Komposition aus Knoblauch, Oregano, Basilikum, Thymian, Rosenbl\u00fcten und Rosmarin f\u00fcr einen herrlichen Gute-Laune-Schub. Das feine Aroma dieser Zubereitung schmeckt hervorragend in Gem\u00fcse-, Nudel- und Reisgerichten sowie Vorspeisen, Salaten und Terrinen.<\/p>\n","protected":false},"featured_media":104801,"template":"","meta":{"_acf_changed":false},"product_brand":[917],"product_cat":[303],"product_tag":[],"class_list":{"0":"post-104799","1":"product","2":"type-product","3":"status-publish","4":"has-post-thumbnail","6":"product_brand-sonnentor","7":"product_cat-s","8":"pa_packungsgroesse-25g","10":"first","11":"instock","12":"shipping-taxable","13":"purchasable","14":"product-type-simple"},"acf":[],"_links":{"self":[{"href":"https:\/\/www.hirtenberg-apotheke.at\/katalog\/wp-json\/wp\/v2\/product\/104799","targetHints":{"allow":["GET"]}}],"collection":[{"href":"https:\/\/www.hirtenberg-apotheke.at\/katalog\/wp-json\/wp\/v2\/product"}],"about":[{"href":"https:\/\/www.hirtenberg-apotheke.at\/katalog\/wp-json\/wp\/v2\/types\/product"}],"wp:featuredmedia":[{"embeddable":true,"href":"https:\/\/www.hirtenberg-apotheke.at\/katalog\/wp-json\/wp\/v2\/media\/104801"}],"wp:attachment":[{"href":"https:\/\/www.hirtenberg-apotheke.at\/katalog\/wp-json\/wp\/v2\/media?parent=104799"}],"wp:term":[{"taxonomy":"product_brand","embeddable":true,"href":"https:\/\/www.hirtenberg-apotheke.at\/katalog\/wp-json\/wp\/v2\/product_brand?post=104799"},{"taxonomy":"product_cat","embeddable":true,"href":"https:\/\/www.hirtenberg-apotheke.at\/katalog\/wp-json\/wp\/v2\/product_cat?post=104799"},{"taxonomy":"product_tag","embeddable":true,"href":"https:\/\/www.hirtenberg-apotheke.at\/katalog\/wp-json\/wp\/v2\/product_tag?post=104799"}],"curies":[{"name":"wp","href":"https:\/\/api.w.org\/{rel}","templated":true}]}}