{"id":104835,"date":"2025-12-03T08:33:20","date_gmt":"2025-12-03T07:33:20","guid":{"rendered":"https:\/\/www.hirtenberg-apotheke.at\/katalog\/produkt\/sonnentor-sieglindes-erdaepfelgewuerz-streudose-22-g-bio\/"},"modified":"2025-12-03T08:34:01","modified_gmt":"2025-12-03T07:34:01","slug":"sonnentor-sieglindes-erdaepfelgewuerz-streudose-22-g-bio","status":"publish","type":"product","link":"https:\/\/www.hirtenberg-apotheke.at\/katalog\/produkt\/sonnentor-sieglindes-erdaepfelgewuerz-streudose-22-g-bio\/","title":{"rendered":"Sonnentor Sieglindes Erd\u00e4pfelgew\u00fcrz Streudose 22 g BIO"},"content":{"rendered":"<p>Das Sonnentor Sieglindes Erd\u00e4pfelgew\u00fcrz in der 22 g Streudose bietet Ihnen unendliche M\u00f6glichkeiten, sich kulinarisch auszutoben. Ob gro\u00df und rund oder klein und lila &#8211; der aromatische Kr\u00e4utermix mit Petersilie, Bohnenkraut, Rosmarin und Galgant passt zu jeder Kartoffel und in jedes Kartoffelgericht..<\/p>\n","protected":false},"excerpt":{"rendered":"<p>Das Sonnentor Sieglindes Erd\u00e4pfelgew\u00fcrz in der 22 g Streudose bietet Ihnen unendliche M\u00f6glichkeiten, sich kulinarisch auszutoben. Ob gro\u00df und rund oder klein und lila &#8211; der aromatische Kr\u00e4utermix mit Petersilie, Bohnenkraut, Rosmarin und Galgant passt zu jeder Kartoffel und in jedes Kartoffelgericht..<\/p>\n","protected":false},"featured_media":104837,"template":"","meta":{"_acf_changed":false},"product_brand":[917],"product_cat":[303],"product_tag":[],"class_list":{"0":"post-104835","1":"product","2":"type-product","3":"status-publish","4":"has-post-thumbnail","6":"product_brand-sonnentor","7":"product_cat-s","8":"pa_packungsgroesse-22g","10":"first","11":"instock","12":"shipping-taxable","13":"purchasable","14":"product-type-simple"},"acf":[],"_links":{"self":[{"href":"https:\/\/www.hirtenberg-apotheke.at\/katalog\/wp-json\/wp\/v2\/product\/104835","targetHints":{"allow":["GET"]}}],"collection":[{"href":"https:\/\/www.hirtenberg-apotheke.at\/katalog\/wp-json\/wp\/v2\/product"}],"about":[{"href":"https:\/\/www.hirtenberg-apotheke.at\/katalog\/wp-json\/wp\/v2\/types\/product"}],"wp:featuredmedia":[{"embeddable":true,"href":"https:\/\/www.hirtenberg-apotheke.at\/katalog\/wp-json\/wp\/v2\/media\/104837"}],"wp:attachment":[{"href":"https:\/\/www.hirtenberg-apotheke.at\/katalog\/wp-json\/wp\/v2\/media?parent=104835"}],"wp:term":[{"taxonomy":"product_brand","embeddable":true,"href":"https:\/\/www.hirtenberg-apotheke.at\/katalog\/wp-json\/wp\/v2\/product_brand?post=104835"},{"taxonomy":"product_cat","embeddable":true,"href":"https:\/\/www.hirtenberg-apotheke.at\/katalog\/wp-json\/wp\/v2\/product_cat?post=104835"},{"taxonomy":"product_tag","embeddable":true,"href":"https:\/\/www.hirtenberg-apotheke.at\/katalog\/wp-json\/wp\/v2\/product_tag?post=104835"}],"curies":[{"name":"wp","href":"https:\/\/api.w.org\/{rel}","templated":true}]}}