{"id":104892,"date":"2025-12-03T08:35:47","date_gmt":"2025-12-03T07:35:47","guid":{"rendered":"https:\/\/www.hirtenberg-apotheke.at\/katalog\/produkt\/sonnentor-schutzengel-fruechtetee-18-btl-bio\/"},"modified":"2025-12-03T08:36:10","modified_gmt":"2025-12-03T07:36:10","slug":"sonnentor-schutzengel-fruechtetee-18-btl-bio","status":"publish","type":"product","link":"https:\/\/www.hirtenberg-apotheke.at\/katalog\/produkt\/sonnentor-schutzengel-fruechtetee-18-btl-bio\/","title":{"rendered":"Sonnentor Schutzengel Fr\u00fcchtetee 18 Btl. BIO"},"content":{"rendered":"<p>Der Sonnentor Schutzengel\u00ae Fr\u00fcchtetee in Beutelform (18 Stk.) schimmert in einem satten Gelb und ist besonders facettenreich. W\u00fcrzig und fruchtig mit einer blumigen Note passt er hervorragend zu Fleischspeisen und zur s\u00fc\u00dfen Jause. Au\u00dferdem harmoniert der Tee perfekt mit dem Schutzengel-Honig<\/p>\n","protected":false},"excerpt":{"rendered":"<p>Der Sonnentor Schutzengel\u00ae Fr\u00fcchtetee in Beutelform (18 Stk.) schimmert in einem satten Gelb und ist besonders facettenreich. W\u00fcrzig und fruchtig mit einer blumigen Note passt er hervorragend zu Fleischspeisen und zur s\u00fc\u00dfen Jause. Au\u00dferdem harmoniert der Tee perfekt mit dem Schutzengel-Honig<\/p>\n","protected":false},"featured_media":104894,"template":"","meta":{"_acf_changed":false},"product_brand":[917],"product_cat":[303],"product_tag":[],"class_list":{"0":"post-104892","1":"product","2":"type-product","3":"status-publish","4":"has-post-thumbnail","6":"product_brand-sonnentor","7":"product_cat-s","8":"pa_packungsgroesse-18-beutel","10":"first","11":"instock","12":"shipping-taxable","13":"purchasable","14":"product-type-simple"},"acf":[],"_links":{"self":[{"href":"https:\/\/www.hirtenberg-apotheke.at\/katalog\/wp-json\/wp\/v2\/product\/104892","targetHints":{"allow":["GET"]}}],"collection":[{"href":"https:\/\/www.hirtenberg-apotheke.at\/katalog\/wp-json\/wp\/v2\/product"}],"about":[{"href":"https:\/\/www.hirtenberg-apotheke.at\/katalog\/wp-json\/wp\/v2\/types\/product"}],"wp:featuredmedia":[{"embeddable":true,"href":"https:\/\/www.hirtenberg-apotheke.at\/katalog\/wp-json\/wp\/v2\/media\/104894"}],"wp:attachment":[{"href":"https:\/\/www.hirtenberg-apotheke.at\/katalog\/wp-json\/wp\/v2\/media?parent=104892"}],"wp:term":[{"taxonomy":"product_brand","embeddable":true,"href":"https:\/\/www.hirtenberg-apotheke.at\/katalog\/wp-json\/wp\/v2\/product_brand?post=104892"},{"taxonomy":"product_cat","embeddable":true,"href":"https:\/\/www.hirtenberg-apotheke.at\/katalog\/wp-json\/wp\/v2\/product_cat?post=104892"},{"taxonomy":"product_tag","embeddable":true,"href":"https:\/\/www.hirtenberg-apotheke.at\/katalog\/wp-json\/wp\/v2\/product_tag?post=104892"}],"curies":[{"name":"wp","href":"https:\/\/api.w.org\/{rel}","templated":true}]}}