{"id":104901,"date":"2025-12-03T08:35:47","date_gmt":"2025-12-03T07:35:47","guid":{"rendered":"https:\/\/www.hirtenberg-apotheke.at\/katalog\/produkt\/sonnentor-huehnersuppe-klar-100-g-bio\/"},"modified":"2025-12-03T08:36:20","modified_gmt":"2025-12-03T07:36:20","slug":"sonnentor-huehnersuppe-klar-100-g-bio","status":"publish","type":"product","link":"https:\/\/www.hirtenberg-apotheke.at\/katalog\/produkt\/sonnentor-huehnersuppe-klar-100-g-bio\/","title":{"rendered":"Sonnentor H\u00fchnersuppe klar 100 g BIO"},"content":{"rendered":"<p>Die Sonnentor H\u00fchnersuppe klar im 100 g Glas enth\u00e4lt nur vollreifes getrocknetes Gem\u00fcse wie Karotten oder Pastinaken und ausgew\u00e4hlte, feine Gew\u00fcrze. Mit verschiedenen Einlagen wie Gem\u00fcse, Nudeln oder kr\u00e4ftig mit H\u00fchnerfleisch oder Getreide w\u00e4rmt diese Suppe in der kalten Jahreszeit. Gut im Geschmack und schnell zubereitet..<\/p>\n","protected":false},"excerpt":{"rendered":"<p>Die Sonnentor H\u00fchnersuppe klar im 100 g Glas enth\u00e4lt nur vollreifes getrocknetes Gem\u00fcse wie Karotten oder Pastinaken und ausgew\u00e4hlte, feine Gew\u00fcrze. Mit verschiedenen Einlagen wie Gem\u00fcse, Nudeln oder kr\u00e4ftig mit H\u00fchnerfleisch oder Getreide w\u00e4rmt diese Suppe in der kalten Jahreszeit. Gut im Geschmack und schnell zubereitet..<\/p>\n","protected":false},"featured_media":104903,"template":"","meta":{"_acf_changed":false},"product_brand":[917],"product_cat":[303],"product_tag":[],"class_list":{"0":"post-104901","1":"product","2":"type-product","3":"status-publish","4":"has-post-thumbnail","6":"product_brand-sonnentor","7":"product_cat-s","8":"pa_packungsgroesse-100g","10":"first","11":"instock","12":"shipping-taxable","13":"purchasable","14":"product-type-simple"},"acf":[],"_links":{"self":[{"href":"https:\/\/www.hirtenberg-apotheke.at\/katalog\/wp-json\/wp\/v2\/product\/104901","targetHints":{"allow":["GET"]}}],"collection":[{"href":"https:\/\/www.hirtenberg-apotheke.at\/katalog\/wp-json\/wp\/v2\/product"}],"about":[{"href":"https:\/\/www.hirtenberg-apotheke.at\/katalog\/wp-json\/wp\/v2\/types\/product"}],"wp:featuredmedia":[{"embeddable":true,"href":"https:\/\/www.hirtenberg-apotheke.at\/katalog\/wp-json\/wp\/v2\/media\/104903"}],"wp:attachment":[{"href":"https:\/\/www.hirtenberg-apotheke.at\/katalog\/wp-json\/wp\/v2\/media?parent=104901"}],"wp:term":[{"taxonomy":"product_brand","embeddable":true,"href":"https:\/\/www.hirtenberg-apotheke.at\/katalog\/wp-json\/wp\/v2\/product_brand?post=104901"},{"taxonomy":"product_cat","embeddable":true,"href":"https:\/\/www.hirtenberg-apotheke.at\/katalog\/wp-json\/wp\/v2\/product_cat?post=104901"},{"taxonomy":"product_tag","embeddable":true,"href":"https:\/\/www.hirtenberg-apotheke.at\/katalog\/wp-json\/wp\/v2\/product_tag?post=104901"}],"curies":[{"name":"wp","href":"https:\/\/api.w.org\/{rel}","templated":true}]}}