{"id":104906,"date":"2025-12-03T08:35:47","date_gmt":"2025-12-03T07:35:47","guid":{"rendered":"https:\/\/www.hirtenberg-apotheke.at\/katalog\/produkt\/sonnentor-ingwer-gluecksbaerchen-gummibaerchen-100-g-bio\/"},"modified":"2025-12-03T08:36:26","modified_gmt":"2025-12-03T07:36:26","slug":"sonnentor-ingwer-gluecksbaerchen-gummibaerchen-100-g-bio","status":"publish","type":"product","link":"https:\/\/www.hirtenberg-apotheke.at\/katalog\/produkt\/sonnentor-ingwer-gluecksbaerchen-gummibaerchen-100-g-bio\/","title":{"rendered":"Sonnentor Ingwer Gl\u00fccksb\u00e4rchen Gummib\u00e4rchen 100 g BIO"},"content":{"rendered":"<p>Die Sonnentor Ingwer Gl\u00fccksb\u00e4rchen\u00ae Gummib\u00e4rchen in der 100 g Packung sind die unwiderstehlich frische Gummib\u00e4rchen-Alternative f\u00fcr Erwachsene. Die feine Kombination aus S\u00fc\u00dfe und Ingwerw\u00fcrze und der Verzicht auf tierische Gelatine garantiert einen b\u00e4rigen Genuss.<\/p>\n","protected":false},"excerpt":{"rendered":"<p>Die Sonnentor Ingwer Gl\u00fccksb\u00e4rchen\u00ae Gummib\u00e4rchen in der 100 g Packung sind die unwiderstehlich frische Gummib\u00e4rchen-Alternative f\u00fcr Erwachsene. Die feine Kombination aus S\u00fc\u00dfe und Ingwerw\u00fcrze und der Verzicht auf tierische Gelatine garantiert einen b\u00e4rigen Genuss.<\/p>\n","protected":false},"featured_media":0,"template":"","meta":{"_acf_changed":false},"product_brand":[917],"product_cat":[303],"product_tag":[],"class_list":{"0":"post-104906","1":"product","2":"type-product","3":"status-publish","5":"product_brand-sonnentor","6":"product_cat-s","7":"pa_packungsgroesse-100g","9":"first","10":"instock","11":"shipping-taxable","12":"purchasable","13":"product-type-simple"},"acf":[],"_links":{"self":[{"href":"https:\/\/www.hirtenberg-apotheke.at\/katalog\/wp-json\/wp\/v2\/product\/104906","targetHints":{"allow":["GET"]}}],"collection":[{"href":"https:\/\/www.hirtenberg-apotheke.at\/katalog\/wp-json\/wp\/v2\/product"}],"about":[{"href":"https:\/\/www.hirtenberg-apotheke.at\/katalog\/wp-json\/wp\/v2\/types\/product"}],"wp:attachment":[{"href":"https:\/\/www.hirtenberg-apotheke.at\/katalog\/wp-json\/wp\/v2\/media?parent=104906"}],"wp:term":[{"taxonomy":"product_brand","embeddable":true,"href":"https:\/\/www.hirtenberg-apotheke.at\/katalog\/wp-json\/wp\/v2\/product_brand?post=104906"},{"taxonomy":"product_cat","embeddable":true,"href":"https:\/\/www.hirtenberg-apotheke.at\/katalog\/wp-json\/wp\/v2\/product_cat?post=104906"},{"taxonomy":"product_tag","embeddable":true,"href":"https:\/\/www.hirtenberg-apotheke.at\/katalog\/wp-json\/wp\/v2\/product_tag?post=104906"}],"curies":[{"name":"wp","href":"https:\/\/api.w.org\/{rel}","templated":true}]}}