{"id":104920,"date":"2025-12-03T08:36:25","date_gmt":"2025-12-03T07:36:25","guid":{"rendered":"https:\/\/www.hirtenberg-apotheke.at\/katalog\/produkt\/sonnentor-knoblauch-granulat-40-g-bio\/"},"modified":"2025-12-03T08:37:10","modified_gmt":"2025-12-03T07:37:10","slug":"sonnentor-knoblauch-granulat-40-g-bio","status":"publish","type":"product","link":"https:\/\/www.hirtenberg-apotheke.at\/katalog\/produkt\/sonnentor-knoblauch-granulat-40-g-bio\/","title":{"rendered":"Sonnentor Knoblauch Granulat 40 g BIO"},"content":{"rendered":"<p>Sonnentor Knoblauch granuliert bio in der 40 g Packung besitzt einen aromatisch-scharfen Geschmack, der sich beim Kochen zu einem s\u00fc\u00dflichen und wesentlich milderen Allesk\u00f6nner in der K\u00fcche verwandelt. In Mittel- und S\u00fcdosteuropa, wo er Pasta und Gem\u00fcsegerichte verfeinert, ist der Knoblauch nicht wegzudenken. Aber auch auf dem traditionell-deftigen Sonntagsbraten schmeckt das Sonnentor Knoblauch Granulat unschlagbar<\/p>\n","protected":false},"excerpt":{"rendered":"<p>Sonnentor Knoblauch granuliert bio in der 40 g Packung besitzt einen aromatisch-scharfen Geschmack, der sich beim Kochen zu einem s\u00fc\u00dflichen und wesentlich milderen Allesk\u00f6nner in der K\u00fcche verwandelt. In Mittel- und S\u00fcdosteuropa, wo er Pasta und Gem\u00fcsegerichte verfeinert, ist der Knoblauch nicht wegzudenken. Aber auch auf dem traditionell-deftigen Sonntagsbraten schmeckt das Sonnentor Knoblauch Granulat unschlagbar<\/p>\n","protected":false},"featured_media":104922,"template":"","meta":{"_acf_changed":false},"product_brand":[917],"product_cat":[303],"product_tag":[],"class_list":{"0":"post-104920","1":"product","2":"type-product","3":"status-publish","4":"has-post-thumbnail","6":"product_brand-sonnentor","7":"product_cat-s","8":"pa_packungsgroesse-40g","10":"first","11":"instock","12":"shipping-taxable","13":"purchasable","14":"product-type-simple"},"acf":[],"_links":{"self":[{"href":"https:\/\/www.hirtenberg-apotheke.at\/katalog\/wp-json\/wp\/v2\/product\/104920","targetHints":{"allow":["GET"]}}],"collection":[{"href":"https:\/\/www.hirtenberg-apotheke.at\/katalog\/wp-json\/wp\/v2\/product"}],"about":[{"href":"https:\/\/www.hirtenberg-apotheke.at\/katalog\/wp-json\/wp\/v2\/types\/product"}],"wp:featuredmedia":[{"embeddable":true,"href":"https:\/\/www.hirtenberg-apotheke.at\/katalog\/wp-json\/wp\/v2\/media\/104922"}],"wp:attachment":[{"href":"https:\/\/www.hirtenberg-apotheke.at\/katalog\/wp-json\/wp\/v2\/media?parent=104920"}],"wp:term":[{"taxonomy":"product_brand","embeddable":true,"href":"https:\/\/www.hirtenberg-apotheke.at\/katalog\/wp-json\/wp\/v2\/product_brand?post=104920"},{"taxonomy":"product_cat","embeddable":true,"href":"https:\/\/www.hirtenberg-apotheke.at\/katalog\/wp-json\/wp\/v2\/product_cat?post=104920"},{"taxonomy":"product_tag","embeddable":true,"href":"https:\/\/www.hirtenberg-apotheke.at\/katalog\/wp-json\/wp\/v2\/product_tag?post=104920"}],"curies":[{"name":"wp","href":"https:\/\/api.w.org\/{rel}","templated":true}]}}