{"id":104989,"date":"2025-12-03T08:38:48","date_gmt":"2025-12-03T07:38:48","guid":{"rendered":"https:\/\/www.hirtenberg-apotheke.at\/katalog\/produkt\/sonnentor-liebstoeckel-geschnitten-15-g-bio\/"},"modified":"2025-12-03T08:39:49","modified_gmt":"2025-12-03T07:39:49","slug":"sonnentor-liebstoeckel-geschnitten-15-g-bio","status":"publish","type":"product","link":"https:\/\/www.hirtenberg-apotheke.at\/katalog\/produkt\/sonnentor-liebstoeckel-geschnitten-15-g-bio\/","title":{"rendered":"Sonnentor Liebst\u00f6ckel geschnitten 15 g BIO"},"content":{"rendered":"<p>Der Sonnentor Liebst\u00f6ckel geschnitten im 15 g P\u00e4ckchen, auch Maggikraut genannt, ist aus keiner Suppe wegzudenken und sorgt mit seinem herben, moschusartigen Aroma mit Noten von Anis, Zitrone und Sellerie f\u00fcr den typischen Geschmack des beliebten Suppengew\u00fcrz &#8211; und das ganz nat\u00fcrlich. Auch Eint\u00f6pfe, Gem\u00fcsegerichte sowie bodenst\u00e4ndige Speisen mit H\u00fclsenfr\u00fcchten profitieren vom Geschmack des Liebst\u00f6ckels  \u2013 jetzt online bestellen: in \u00d6sterreichs bester Versandapotheke!<\/p>\n","protected":false},"excerpt":{"rendered":"<p>Der Sonnentor Liebst\u00f6ckel geschnitten im 15 g P\u00e4ckchen, auch Maggikraut genannt, ist aus keiner Suppe wegzudenken und sorgt mit seinem herben, moschusartigen Aroma mit Noten von Anis, Zitrone und Sellerie f\u00fcr den typischen Geschmack des beliebten Suppengew\u00fcrz &#8211; und das ganz nat\u00fcrlich. Auch Eint\u00f6pfe, Gem\u00fcsegerichte sowie bodenst\u00e4ndige Speisen mit H\u00fclsenfr\u00fcchten profitieren vom Geschmack des Liebst\u00f6ckels [&hellip;]<\/p>\n","protected":false},"featured_media":104991,"template":"","meta":{"_acf_changed":false},"product_brand":[917],"product_cat":[303],"product_tag":[],"class_list":{"0":"post-104989","1":"product","2":"type-product","3":"status-publish","4":"has-post-thumbnail","6":"product_brand-sonnentor","7":"product_cat-s","8":"pa_packungsgroesse-15g","10":"first","11":"instock","12":"shipping-taxable","13":"purchasable","14":"product-type-simple"},"acf":[],"_links":{"self":[{"href":"https:\/\/www.hirtenberg-apotheke.at\/katalog\/wp-json\/wp\/v2\/product\/104989","targetHints":{"allow":["GET"]}}],"collection":[{"href":"https:\/\/www.hirtenberg-apotheke.at\/katalog\/wp-json\/wp\/v2\/product"}],"about":[{"href":"https:\/\/www.hirtenberg-apotheke.at\/katalog\/wp-json\/wp\/v2\/types\/product"}],"wp:featuredmedia":[{"embeddable":true,"href":"https:\/\/www.hirtenberg-apotheke.at\/katalog\/wp-json\/wp\/v2\/media\/104991"}],"wp:attachment":[{"href":"https:\/\/www.hirtenberg-apotheke.at\/katalog\/wp-json\/wp\/v2\/media?parent=104989"}],"wp:term":[{"taxonomy":"product_brand","embeddable":true,"href":"https:\/\/www.hirtenberg-apotheke.at\/katalog\/wp-json\/wp\/v2\/product_brand?post=104989"},{"taxonomy":"product_cat","embeddable":true,"href":"https:\/\/www.hirtenberg-apotheke.at\/katalog\/wp-json\/wp\/v2\/product_cat?post=104989"},{"taxonomy":"product_tag","embeddable":true,"href":"https:\/\/www.hirtenberg-apotheke.at\/katalog\/wp-json\/wp\/v2\/product_tag?post=104989"}],"curies":[{"name":"wp","href":"https:\/\/api.w.org\/{rel}","templated":true}]}}