{"id":105007,"date":"2025-12-03T08:39:49","date_gmt":"2025-12-03T07:39:49","guid":{"rendered":"https:\/\/www.hirtenberg-apotheke.at\/katalog\/produkt\/sonnentor-muskatnuss-ganz-25-g-bio\/"},"modified":"2025-12-03T08:40:30","modified_gmt":"2025-12-03T07:40:30","slug":"sonnentor-muskatnuss-ganz-25-g-bio","status":"publish","type":"product","link":"https:\/\/www.hirtenberg-apotheke.at\/katalog\/produkt\/sonnentor-muskatnuss-ganz-25-g-bio\/","title":{"rendered":"Sonnentor Muskatnuss ganz 25 g BIO"},"content":{"rendered":"<p>Die Sonnentor Muskat N\u00fcsse im 25 g P\u00e4ckchen passen durch eine leicht bittere, aber s\u00fc\u00dfliche und harzige Note wunderbar zu Kartoffel- und Gem\u00fcsegerichten, Faschiertem und Gefl\u00fcgelragout. Die feine W\u00fcrze der Muskatnuss, die eigentlich gar keine Nuss, sondern der Kern pfirsich\u00e4hnlicher Fr\u00fcchte ist, ist aus der orientalischen K\u00fcche nicht wegzudenken, aber auch in der europ\u00e4ischen K\u00fcche unverzichtbar geworden.<\/p>\n","protected":false},"excerpt":{"rendered":"<p>Die Sonnentor Muskat N\u00fcsse im 25 g P\u00e4ckchen passen durch eine leicht bittere, aber s\u00fc\u00dfliche und harzige Note wunderbar zu Kartoffel- und Gem\u00fcsegerichten, Faschiertem und Gefl\u00fcgelragout. Die feine W\u00fcrze der Muskatnuss, die eigentlich gar keine Nuss, sondern der Kern pfirsich\u00e4hnlicher Fr\u00fcchte ist, ist aus der orientalischen K\u00fcche nicht wegzudenken, aber auch in der europ\u00e4ischen K\u00fcche [&hellip;]<\/p>\n","protected":false},"featured_media":105009,"template":"","meta":{"_acf_changed":false},"product_brand":[917],"product_cat":[303],"product_tag":[],"class_list":{"0":"post-105007","1":"product","2":"type-product","3":"status-publish","4":"has-post-thumbnail","6":"product_brand-sonnentor","7":"product_cat-s","8":"pa_packungsgroesse-25g","10":"first","11":"instock","12":"shipping-taxable","13":"purchasable","14":"product-type-simple"},"acf":[],"_links":{"self":[{"href":"https:\/\/www.hirtenberg-apotheke.at\/katalog\/wp-json\/wp\/v2\/product\/105007","targetHints":{"allow":["GET"]}}],"collection":[{"href":"https:\/\/www.hirtenberg-apotheke.at\/katalog\/wp-json\/wp\/v2\/product"}],"about":[{"href":"https:\/\/www.hirtenberg-apotheke.at\/katalog\/wp-json\/wp\/v2\/types\/product"}],"wp:featuredmedia":[{"embeddable":true,"href":"https:\/\/www.hirtenberg-apotheke.at\/katalog\/wp-json\/wp\/v2\/media\/105009"}],"wp:attachment":[{"href":"https:\/\/www.hirtenberg-apotheke.at\/katalog\/wp-json\/wp\/v2\/media?parent=105007"}],"wp:term":[{"taxonomy":"product_brand","embeddable":true,"href":"https:\/\/www.hirtenberg-apotheke.at\/katalog\/wp-json\/wp\/v2\/product_brand?post=105007"},{"taxonomy":"product_cat","embeddable":true,"href":"https:\/\/www.hirtenberg-apotheke.at\/katalog\/wp-json\/wp\/v2\/product_cat?post=105007"},{"taxonomy":"product_tag","embeddable":true,"href":"https:\/\/www.hirtenberg-apotheke.at\/katalog\/wp-json\/wp\/v2\/product_tag?post=105007"}],"curies":[{"name":"wp","href":"https:\/\/api.w.org\/{rel}","templated":true}]}}