{"id":105113,"date":"2025-12-03T08:44:02","date_gmt":"2025-12-03T07:44:02","guid":{"rendered":"https:\/\/www.hirtenberg-apotheke.at\/katalog\/produkt\/sonnentor-chai-sirup-bio-250-ml\/"},"modified":"2025-12-03T08:44:29","modified_gmt":"2025-12-03T07:44:29","slug":"sonnentor-chai-sirup-bio-250-ml","status":"publish","type":"product","link":"https:\/\/www.hirtenberg-apotheke.at\/katalog\/produkt\/sonnentor-chai-sirup-bio-250-ml\/","title":{"rendered":"Sonnentor Chai Sirup bio 250 ml"},"content":{"rendered":"<p>Eins, zwei, Chai! Mit diesem Sirup holst du dir das indische Nationalgetr\u00e4nk blitzschnell nach Hause. Die Basis bildet der Chai Schwarzteekuss Tee mit Zimt, Nelken, Ingwer und Sternanis. Den Sirup nach Belieben mit kalter oder warmer (Pflanzen-)milch verd\u00fcnnen. Besonders im Winter ein w\u00fcrziger Begleiter \u2013 ob als s\u00fc\u00dfer Genuss f\u00fcr zwischendurch oder zu schokoladigen Desserts.<\/p>\n","protected":false},"excerpt":{"rendered":"<p>Eins, zwei, Chai! Mit diesem Sirup holst du dir das indische Nationalgetr\u00e4nk blitzschnell nach Hause. Die Basis bildet der Chai Schwarzteekuss Tee mit Zimt, Nelken, Ingwer und Sternanis. Den Sirup nach Belieben mit kalter oder warmer (Pflanzen-)milch verd\u00fcnnen. Besonders im Winter ein w\u00fcrziger Begleiter \u2013 ob als s\u00fc\u00dfer Genuss f\u00fcr zwischendurch oder zu schokoladigen Desserts.<\/p>\n","protected":false},"featured_media":105115,"template":"","meta":{"_acf_changed":false},"product_brand":[917],"product_cat":[303],"product_tag":[],"class_list":{"0":"post-105113","1":"product","2":"type-product","3":"status-publish","4":"has-post-thumbnail","6":"product_brand-sonnentor","7":"product_cat-s","8":"pa_packungsgroesse-250ml","10":"first","11":"instock","12":"shipping-taxable","13":"purchasable","14":"product-type-simple"},"acf":[],"_links":{"self":[{"href":"https:\/\/www.hirtenberg-apotheke.at\/katalog\/wp-json\/wp\/v2\/product\/105113","targetHints":{"allow":["GET"]}}],"collection":[{"href":"https:\/\/www.hirtenberg-apotheke.at\/katalog\/wp-json\/wp\/v2\/product"}],"about":[{"href":"https:\/\/www.hirtenberg-apotheke.at\/katalog\/wp-json\/wp\/v2\/types\/product"}],"wp:featuredmedia":[{"embeddable":true,"href":"https:\/\/www.hirtenberg-apotheke.at\/katalog\/wp-json\/wp\/v2\/media\/105115"}],"wp:attachment":[{"href":"https:\/\/www.hirtenberg-apotheke.at\/katalog\/wp-json\/wp\/v2\/media?parent=105113"}],"wp:term":[{"taxonomy":"product_brand","embeddable":true,"href":"https:\/\/www.hirtenberg-apotheke.at\/katalog\/wp-json\/wp\/v2\/product_brand?post=105113"},{"taxonomy":"product_cat","embeddable":true,"href":"https:\/\/www.hirtenberg-apotheke.at\/katalog\/wp-json\/wp\/v2\/product_cat?post=105113"},{"taxonomy":"product_tag","embeddable":true,"href":"https:\/\/www.hirtenberg-apotheke.at\/katalog\/wp-json\/wp\/v2\/product_tag?post=105113"}],"curies":[{"name":"wp","href":"https:\/\/api.w.org\/{rel}","templated":true}]}}