{"id":105141,"date":"2025-12-03T08:45:08","date_gmt":"2025-12-03T07:45:08","guid":{"rendered":"https:\/\/www.hirtenberg-apotheke.at\/katalog\/produkt\/sonnentor-streudose-leer-1-stk\/"},"modified":"2025-12-03T08:45:16","modified_gmt":"2025-12-03T07:45:16","slug":"sonnentor-streudose-leer-1-stk","status":"publish","type":"product","link":"https:\/\/www.hirtenberg-apotheke.at\/katalog\/produkt\/sonnentor-streudose-leer-1-stk\/","title":{"rendered":"Sonnentor Streudose Leer 1 Stk."},"content":{"rendered":"<p>Spice up your life! Ordnung ins Gew\u00fcrzregal bringt diese praktische Streudose aus Wei\u00dfblech unter Garantie. Wiederbef\u00fcllbar und wiederverschlie\u00dfbar ist sie die ideale Aufbewahrung f\u00fcr deine Lieblingsgew\u00fcrze &#8211; stark preisgesenkt bestellen!<\/p>\n","protected":false},"excerpt":{"rendered":"<p>Spice up your life! Ordnung ins Gew\u00fcrzregal bringt diese praktische Streudose aus Wei\u00dfblech unter Garantie. Wiederbef\u00fcllbar und wiederverschlie\u00dfbar ist sie die ideale Aufbewahrung f\u00fcr deine Lieblingsgew\u00fcrze &#8211; stark preisgesenkt bestellen!<\/p>\n","protected":false},"featured_media":105143,"template":"","meta":{"_acf_changed":false},"product_brand":[917],"product_cat":[303],"product_tag":[],"class_list":{"0":"post-105141","1":"product","2":"type-product","3":"status-publish","4":"has-post-thumbnail","6":"product_brand-sonnentor","7":"product_cat-s","8":"pa_packungsgroesse-1-stueck","10":"first","11":"instock","12":"shipping-taxable","13":"purchasable","14":"product-type-simple"},"acf":[],"_links":{"self":[{"href":"https:\/\/www.hirtenberg-apotheke.at\/katalog\/wp-json\/wp\/v2\/product\/105141","targetHints":{"allow":["GET"]}}],"collection":[{"href":"https:\/\/www.hirtenberg-apotheke.at\/katalog\/wp-json\/wp\/v2\/product"}],"about":[{"href":"https:\/\/www.hirtenberg-apotheke.at\/katalog\/wp-json\/wp\/v2\/types\/product"}],"wp:featuredmedia":[{"embeddable":true,"href":"https:\/\/www.hirtenberg-apotheke.at\/katalog\/wp-json\/wp\/v2\/media\/105143"}],"wp:attachment":[{"href":"https:\/\/www.hirtenberg-apotheke.at\/katalog\/wp-json\/wp\/v2\/media?parent=105141"}],"wp:term":[{"taxonomy":"product_brand","embeddable":true,"href":"https:\/\/www.hirtenberg-apotheke.at\/katalog\/wp-json\/wp\/v2\/product_brand?post=105141"},{"taxonomy":"product_cat","embeddable":true,"href":"https:\/\/www.hirtenberg-apotheke.at\/katalog\/wp-json\/wp\/v2\/product_cat?post=105141"},{"taxonomy":"product_tag","embeddable":true,"href":"https:\/\/www.hirtenberg-apotheke.at\/katalog\/wp-json\/wp\/v2\/product_tag?post=105141"}],"curies":[{"name":"wp","href":"https:\/\/api.w.org\/{rel}","templated":true}]}}