{"id":105157,"date":"2025-12-03T08:45:21","date_gmt":"2025-12-03T07:45:21","guid":{"rendered":"https:\/\/www.hirtenberg-apotheke.at\/katalog\/produkt\/sonnentor-tante-trudls-apfelstrudel-bio-tee-18-btl\/"},"modified":"2025-12-03T08:46:05","modified_gmt":"2025-12-03T07:46:05","slug":"sonnentor-tante-trudls-apfelstrudel-bio-tee-18-btl","status":"publish","type":"product","link":"https:\/\/www.hirtenberg-apotheke.at\/katalog\/produkt\/sonnentor-tante-trudls-apfelstrudel-bio-tee-18-btl\/","title":{"rendered":"Sonnentor Tante Trudls Apfelstrudel Bio Tee 18 Btl."},"content":{"rendered":"<p>Mit dem Sonnentor Tante Trudls Apfelstrudel Tee in Beutelform (18 Stk.) steigt einem ein herrlicher Duft nach Apfel und Zimt in die Nase. Besonders, wenn es drau\u00dfen klirrend kalt ist, werden Sie die Mischung aus Hagebutten, Orangenschalen, S\u00fc\u00dfholz, Vanille, Piment und nat\u00fcrlich Apfelst\u00fcckchen &#038; Zimt lieben.<\/p>\n","protected":false},"excerpt":{"rendered":"<p>Mit dem Sonnentor Tante Trudls Apfelstrudel Tee in Beutelform (18 Stk.) steigt einem ein herrlicher Duft nach Apfel und Zimt in die Nase. Besonders, wenn es drau\u00dfen klirrend kalt ist, werden Sie die Mischung aus Hagebutten, Orangenschalen, S\u00fc\u00dfholz, Vanille, Piment und nat\u00fcrlich Apfelst\u00fcckchen &#038; Zimt lieben.<\/p>\n","protected":false},"featured_media":105159,"template":"","meta":{"_acf_changed":false},"product_brand":[917],"product_cat":[303],"product_tag":[],"class_list":{"0":"post-105157","1":"product","2":"type-product","3":"status-publish","4":"has-post-thumbnail","6":"product_brand-sonnentor","7":"product_cat-s","8":"pa_packungsgroesse-18-beutel","10":"first","11":"instock","12":"shipping-taxable","13":"purchasable","14":"product-type-simple"},"acf":[],"_links":{"self":[{"href":"https:\/\/www.hirtenberg-apotheke.at\/katalog\/wp-json\/wp\/v2\/product\/105157","targetHints":{"allow":["GET"]}}],"collection":[{"href":"https:\/\/www.hirtenberg-apotheke.at\/katalog\/wp-json\/wp\/v2\/product"}],"about":[{"href":"https:\/\/www.hirtenberg-apotheke.at\/katalog\/wp-json\/wp\/v2\/types\/product"}],"wp:featuredmedia":[{"embeddable":true,"href":"https:\/\/www.hirtenberg-apotheke.at\/katalog\/wp-json\/wp\/v2\/media\/105159"}],"wp:attachment":[{"href":"https:\/\/www.hirtenberg-apotheke.at\/katalog\/wp-json\/wp\/v2\/media?parent=105157"}],"wp:term":[{"taxonomy":"product_brand","embeddable":true,"href":"https:\/\/www.hirtenberg-apotheke.at\/katalog\/wp-json\/wp\/v2\/product_brand?post=105157"},{"taxonomy":"product_cat","embeddable":true,"href":"https:\/\/www.hirtenberg-apotheke.at\/katalog\/wp-json\/wp\/v2\/product_cat?post=105157"},{"taxonomy":"product_tag","embeddable":true,"href":"https:\/\/www.hirtenberg-apotheke.at\/katalog\/wp-json\/wp\/v2\/product_tag?post=105157"}],"curies":[{"name":"wp","href":"https:\/\/api.w.org\/{rel}","templated":true}]}}