{"id":105175,"date":"2025-12-03T08:46:28","date_gmt":"2025-12-03T07:46:28","guid":{"rendered":"https:\/\/www.hirtenberg-apotheke.at\/katalog\/produkt\/sonnentor-fruechtetee-probier-mal-20-btl-bio\/"},"modified":"2025-12-03T08:46:50","modified_gmt":"2025-12-03T07:46:50","slug":"sonnentor-fruechtetee-probier-mal-20-btl-bio","status":"publish","type":"product","link":"https:\/\/www.hirtenberg-apotheke.at\/katalog\/produkt\/sonnentor-fruechtetee-probier-mal-20-btl-bio\/","title":{"rendered":"Sonnentor Fr\u00fcchtetee Probier mal! 20 Btl. BIO"},"content":{"rendered":"<p>In dieser Sonnentor Fr\u00fcchtetee Probier mal!-Packung warten 20 k\u00f6stlich-fruchtige Tees in 11 verschiedenen Sorten darauf, verkostet zu werden. Neues kennenlernen, Vielfalt erleben und sich dem Teegenuss hingeben, ist mit dieser Mischung von k\u00f6stlichen Fr\u00fcchtetees ganz einfach. Probier mal!   jetzt  alle Produkte von Sonnentor stark preisreduziert bestellen!<\/p>\n","protected":false},"excerpt":{"rendered":"<p>In dieser Sonnentor Fr\u00fcchtetee Probier mal!-Packung warten 20 k\u00f6stlich-fruchtige Tees in 11 verschiedenen Sorten darauf, verkostet zu werden. Neues kennenlernen, Vielfalt erleben und sich dem Teegenuss hingeben, ist mit dieser Mischung von k\u00f6stlichen Fr\u00fcchtetees ganz einfach. Probier mal! jetzt alle Produkte von Sonnentor stark preisreduziert bestellen!<\/p>\n","protected":false},"featured_media":105177,"template":"","meta":{"_acf_changed":false},"product_brand":[917],"product_cat":[303],"product_tag":[],"class_list":{"0":"post-105175","1":"product","2":"type-product","3":"status-publish","4":"has-post-thumbnail","6":"product_brand-sonnentor","7":"product_cat-s","8":"pa_packungsgroesse-20-beutel","10":"first","11":"instock","12":"shipping-taxable","13":"purchasable","14":"product-type-simple"},"acf":[],"_links":{"self":[{"href":"https:\/\/www.hirtenberg-apotheke.at\/katalog\/wp-json\/wp\/v2\/product\/105175","targetHints":{"allow":["GET"]}}],"collection":[{"href":"https:\/\/www.hirtenberg-apotheke.at\/katalog\/wp-json\/wp\/v2\/product"}],"about":[{"href":"https:\/\/www.hirtenberg-apotheke.at\/katalog\/wp-json\/wp\/v2\/types\/product"}],"wp:featuredmedia":[{"embeddable":true,"href":"https:\/\/www.hirtenberg-apotheke.at\/katalog\/wp-json\/wp\/v2\/media\/105177"}],"wp:attachment":[{"href":"https:\/\/www.hirtenberg-apotheke.at\/katalog\/wp-json\/wp\/v2\/media?parent=105175"}],"wp:term":[{"taxonomy":"product_brand","embeddable":true,"href":"https:\/\/www.hirtenberg-apotheke.at\/katalog\/wp-json\/wp\/v2\/product_brand?post=105175"},{"taxonomy":"product_cat","embeddable":true,"href":"https:\/\/www.hirtenberg-apotheke.at\/katalog\/wp-json\/wp\/v2\/product_cat?post=105175"},{"taxonomy":"product_tag","embeddable":true,"href":"https:\/\/www.hirtenberg-apotheke.at\/katalog\/wp-json\/wp\/v2\/product_tag?post=105175"}],"curies":[{"name":"wp","href":"https:\/\/api.w.org\/{rel}","templated":true}]}}