{"id":105200,"date":"2025-12-03T08:47:01","date_gmt":"2025-12-03T07:47:01","guid":{"rendered":"https:\/\/www.hirtenberg-apotheke.at\/katalog\/produkt\/sonnentor-tee-happiness-is-aufbluehen-18-btl-bio\/"},"modified":"2025-12-03T08:47:44","modified_gmt":"2025-12-03T07:47:44","slug":"sonnentor-tee-happiness-is-aufbluehen-18-btl-bio","status":"publish","type":"product","link":"https:\/\/www.hirtenberg-apotheke.at\/katalog\/produkt\/sonnentor-tee-happiness-is-aufbluehen-18-btl-bio\/","title":{"rendered":"Sonnentor Tee Happiness is Aufbl\u00fchen 18 Btl. BIO"},"content":{"rendered":"<p>Sonnentor Tee Happiness is\u00ae Aufbl\u00fchen 18 Btl. mit Rose, Echinacea und Schl\u00fcsselblume besticht durch einen feinen, fruchtigen, blumigen und w\u00fcrzigen Geschmack. Seine frische Art harmoniert ganz wunderbar mit fruchtigen Joghurt- und Topfendesserts, wie zum Beispiel Joghurttorte oder Topfencreme<\/p>\n","protected":false},"excerpt":{"rendered":"<p>Sonnentor Tee Happiness is\u00ae Aufbl\u00fchen 18 Btl. mit Rose, Echinacea und Schl\u00fcsselblume besticht durch einen feinen, fruchtigen, blumigen und w\u00fcrzigen Geschmack. Seine frische Art harmoniert ganz wunderbar mit fruchtigen Joghurt- und Topfendesserts, wie zum Beispiel Joghurttorte oder Topfencreme<\/p>\n","protected":false},"featured_media":105202,"template":"","meta":{"_acf_changed":false},"product_brand":[917],"product_cat":[303],"product_tag":[],"class_list":{"0":"post-105200","1":"product","2":"type-product","3":"status-publish","4":"has-post-thumbnail","6":"product_brand-sonnentor","7":"product_cat-s","8":"pa_packungsgroesse-18-beutel","10":"first","11":"instock","12":"shipping-taxable","13":"purchasable","14":"product-type-simple"},"acf":[],"_links":{"self":[{"href":"https:\/\/www.hirtenberg-apotheke.at\/katalog\/wp-json\/wp\/v2\/product\/105200","targetHints":{"allow":["GET"]}}],"collection":[{"href":"https:\/\/www.hirtenberg-apotheke.at\/katalog\/wp-json\/wp\/v2\/product"}],"about":[{"href":"https:\/\/www.hirtenberg-apotheke.at\/katalog\/wp-json\/wp\/v2\/types\/product"}],"wp:featuredmedia":[{"embeddable":true,"href":"https:\/\/www.hirtenberg-apotheke.at\/katalog\/wp-json\/wp\/v2\/media\/105202"}],"wp:attachment":[{"href":"https:\/\/www.hirtenberg-apotheke.at\/katalog\/wp-json\/wp\/v2\/media?parent=105200"}],"wp:term":[{"taxonomy":"product_brand","embeddable":true,"href":"https:\/\/www.hirtenberg-apotheke.at\/katalog\/wp-json\/wp\/v2\/product_brand?post=105200"},{"taxonomy":"product_cat","embeddable":true,"href":"https:\/\/www.hirtenberg-apotheke.at\/katalog\/wp-json\/wp\/v2\/product_cat?post=105200"},{"taxonomy":"product_tag","embeddable":true,"href":"https:\/\/www.hirtenberg-apotheke.at\/katalog\/wp-json\/wp\/v2\/product_tag?post=105200"}],"curies":[{"name":"wp","href":"https:\/\/api.w.org\/{rel}","templated":true}]}}