{"id":105263,"date":"2025-12-03T08:49:11","date_gmt":"2025-12-03T07:49:11","guid":{"rendered":"https:\/\/www.hirtenberg-apotheke.at\/katalog\/produkt\/sonnentor-tee-happiness-is-wild-sein-18-btl-bio\/"},"modified":"2025-12-03T08:50:16","modified_gmt":"2025-12-03T07:50:16","slug":"sonnentor-tee-happiness-is-wild-sein-18-btl-bio","status":"publish","type":"product","link":"https:\/\/www.hirtenberg-apotheke.at\/katalog\/produkt\/sonnentor-tee-happiness-is-wild-sein-18-btl-bio\/","title":{"rendered":"Sonnentor Tee Happiness is Wild sein 18 Btl. BIO"},"content":{"rendered":"<p>Sonnentor Tee Happiness is\u00ae Wild sein mit Bibernelle, Ackerstiefm\u00fctterchen und Fichtennadeln erinnert mit jedem Schluck an einen Morgenspaziergang \u00fcber die Wiesen und durch den Wald. Kein Wunder also, dass diese Mischung mit ihrem w\u00fcrzig-s\u00fc\u00dflichen &#038; \u00e4therischen Geschmack besonders Pilz- und Wildgerichte hervorragend begleitet<\/p>\n","protected":false},"excerpt":{"rendered":"<p>Sonnentor Tee Happiness is\u00ae Wild sein mit Bibernelle, Ackerstiefm\u00fctterchen und Fichtennadeln erinnert mit jedem Schluck an einen Morgenspaziergang \u00fcber die Wiesen und durch den Wald. Kein Wunder also, dass diese Mischung mit ihrem w\u00fcrzig-s\u00fc\u00dflichen &#038; \u00e4therischen Geschmack besonders Pilz- und Wildgerichte hervorragend begleitet<\/p>\n","protected":false},"featured_media":105265,"template":"","meta":{"_acf_changed":false},"product_brand":[917],"product_cat":[303],"product_tag":[],"class_list":{"0":"post-105263","1":"product","2":"type-product","3":"status-publish","4":"has-post-thumbnail","6":"product_brand-sonnentor","7":"product_cat-s","8":"pa_packungsgroesse-18-beutel","10":"first","11":"instock","12":"shipping-taxable","13":"purchasable","14":"product-type-simple"},"acf":[],"_links":{"self":[{"href":"https:\/\/www.hirtenberg-apotheke.at\/katalog\/wp-json\/wp\/v2\/product\/105263","targetHints":{"allow":["GET"]}}],"collection":[{"href":"https:\/\/www.hirtenberg-apotheke.at\/katalog\/wp-json\/wp\/v2\/product"}],"about":[{"href":"https:\/\/www.hirtenberg-apotheke.at\/katalog\/wp-json\/wp\/v2\/types\/product"}],"wp:featuredmedia":[{"embeddable":true,"href":"https:\/\/www.hirtenberg-apotheke.at\/katalog\/wp-json\/wp\/v2\/media\/105265"}],"wp:attachment":[{"href":"https:\/\/www.hirtenberg-apotheke.at\/katalog\/wp-json\/wp\/v2\/media?parent=105263"}],"wp:term":[{"taxonomy":"product_brand","embeddable":true,"href":"https:\/\/www.hirtenberg-apotheke.at\/katalog\/wp-json\/wp\/v2\/product_brand?post=105263"},{"taxonomy":"product_cat","embeddable":true,"href":"https:\/\/www.hirtenberg-apotheke.at\/katalog\/wp-json\/wp\/v2\/product_cat?post=105263"},{"taxonomy":"product_tag","embeddable":true,"href":"https:\/\/www.hirtenberg-apotheke.at\/katalog\/wp-json\/wp\/v2\/product_tag?post=105263"}],"curies":[{"name":"wp","href":"https:\/\/api.w.org\/{rel}","templated":true}]}}