{"id":105272,"date":"2025-12-03T08:50:15","date_gmt":"2025-12-03T07:50:15","guid":{"rendered":"https:\/\/www.hirtenberg-apotheke.at\/katalog\/produkt\/sonnentor-holunderblueten-tee-bio-18-btl\/"},"modified":"2025-12-03T08:50:21","modified_gmt":"2025-12-03T07:50:21","slug":"sonnentor-holunderblueten-tee-bio-18-btl","status":"publish","type":"product","link":"https:\/\/www.hirtenberg-apotheke.at\/katalog\/produkt\/sonnentor-holunderblueten-tee-bio-18-btl\/","title":{"rendered":"Sonnentor Holunderbl\u00fcten Tee bio 18 Btl."},"content":{"rendered":"<p>Tee von der Holunderbl\u00fcte ist der ideale Begleiter in der kalten Jahreszeit. Und im Sommer ist er dank seines blumig-s\u00fc\u00dflichen Geschmacks ein k\u00f6stlicher Desserttee, der dich mit wunderbaren Aromenspielen erfrischt. In der Mythologie handelt es ich beim Hollerbusch um den Sitz der germanischen Mutterg\u00f6ttin Holla, auch als Frau Holle aus der M\u00e4rchenwelt bekannt. Fr\u00fcher wurden Zettel mit Krankheiten an ihn geh\u00e4ngt, von denen Holla alsdann die Menschen befreite. Deswegen zieht man auch heute noch den Hut vor ihm.<\/p>\n","protected":false},"excerpt":{"rendered":"<p>Tee von der Holunderbl\u00fcte ist der ideale Begleiter in der kalten Jahreszeit. Und im Sommer ist er dank seines blumig-s\u00fc\u00dflichen Geschmacks ein k\u00f6stlicher Desserttee, der dich mit wunderbaren Aromenspielen erfrischt. In der Mythologie handelt es ich beim Hollerbusch um den Sitz der germanischen Mutterg\u00f6ttin Holla, auch als Frau Holle aus der M\u00e4rchenwelt bekannt. Fr\u00fcher wurden [&hellip;]<\/p>\n","protected":false},"featured_media":105274,"template":"","meta":{"_acf_changed":false},"product_brand":[917],"product_cat":[303],"product_tag":[],"class_list":{"0":"post-105272","1":"product","2":"type-product","3":"status-publish","4":"has-post-thumbnail","6":"product_brand-sonnentor","7":"product_cat-s","8":"pa_packungsgroesse-18-beutel","10":"first","11":"instock","12":"shipping-taxable","13":"purchasable","14":"product-type-simple"},"acf":[],"_links":{"self":[{"href":"https:\/\/www.hirtenberg-apotheke.at\/katalog\/wp-json\/wp\/v2\/product\/105272","targetHints":{"allow":["GET"]}}],"collection":[{"href":"https:\/\/www.hirtenberg-apotheke.at\/katalog\/wp-json\/wp\/v2\/product"}],"about":[{"href":"https:\/\/www.hirtenberg-apotheke.at\/katalog\/wp-json\/wp\/v2\/types\/product"}],"wp:featuredmedia":[{"embeddable":true,"href":"https:\/\/www.hirtenberg-apotheke.at\/katalog\/wp-json\/wp\/v2\/media\/105274"}],"wp:attachment":[{"href":"https:\/\/www.hirtenberg-apotheke.at\/katalog\/wp-json\/wp\/v2\/media?parent=105272"}],"wp:term":[{"taxonomy":"product_brand","embeddable":true,"href":"https:\/\/www.hirtenberg-apotheke.at\/katalog\/wp-json\/wp\/v2\/product_brand?post=105272"},{"taxonomy":"product_cat","embeddable":true,"href":"https:\/\/www.hirtenberg-apotheke.at\/katalog\/wp-json\/wp\/v2\/product_cat?post=105272"},{"taxonomy":"product_tag","embeddable":true,"href":"https:\/\/www.hirtenberg-apotheke.at\/katalog\/wp-json\/wp\/v2\/product_tag?post=105272"}],"curies":[{"name":"wp","href":"https:\/\/api.w.org\/{rel}","templated":true}]}}