{"id":105276,"date":"2025-12-03T08:50:15","date_gmt":"2025-12-03T07:50:15","guid":{"rendered":"https:\/\/www.hirtenberg-apotheke.at\/katalog\/produkt\/sonnentor-kaesepappel-blaue-malve-tee-bio-18-btl\/"},"modified":"2025-12-03T08:50:24","modified_gmt":"2025-12-03T07:50:24","slug":"sonnentor-kaesepappel-blaue-malve-tee-bio-18-btl","status":"publish","type":"product","link":"https:\/\/www.hirtenberg-apotheke.at\/katalog\/produkt\/sonnentor-kaesepappel-blaue-malve-tee-bio-18-btl\/","title":{"rendered":"Sonnentor K\u00e4sepappel (Blaue Malve) Tee bio 18 Btl."},"content":{"rendered":"<p>Die Blaue Malve \u2013 in \u00d6sterreich K\u00e4sepappel genannt \u2013 ist genau das richtige Kr\u00e4utlein, wenn der Frosch im Hals stecken geblieben ist. Taufrisch und herb, passt dieser Tee wunderbar zu Japanischem und Lammeintopf. Die K\u00e4sepappel oder Wilde Malve hat mit der Pappel nichts zu tun. Ihre Bl\u00fcten reifen zu k\u00e4selaibartigen Fr\u00fcchten heran, aus denen in der Volksmedizin ein &#8222;Papperl&#8220;, also ein st\u00e4rkender Brei zum Aufp\u00e4ppeln, zubereitet wurde. Der Name kommt also nicht von ungef\u00e4hr.<\/p>\n","protected":false},"excerpt":{"rendered":"<p>Die Blaue Malve \u2013 in \u00d6sterreich K\u00e4sepappel genannt \u2013 ist genau das richtige Kr\u00e4utlein, wenn der Frosch im Hals stecken geblieben ist. Taufrisch und herb, passt dieser Tee wunderbar zu Japanischem und Lammeintopf. Die K\u00e4sepappel oder Wilde Malve hat mit der Pappel nichts zu tun. Ihre Bl\u00fcten reifen zu k\u00e4selaibartigen Fr\u00fcchten heran, aus denen in [&hellip;]<\/p>\n","protected":false},"featured_media":105278,"template":"","meta":{"_acf_changed":false},"product_brand":[917],"product_cat":[303],"product_tag":[],"class_list":{"0":"post-105276","1":"product","2":"type-product","3":"status-publish","4":"has-post-thumbnail","6":"product_brand-sonnentor","7":"product_cat-s","8":"pa_packungsgroesse-18-beutel","10":"first","11":"instock","12":"shipping-taxable","13":"purchasable","14":"product-type-simple"},"acf":[],"_links":{"self":[{"href":"https:\/\/www.hirtenberg-apotheke.at\/katalog\/wp-json\/wp\/v2\/product\/105276","targetHints":{"allow":["GET"]}}],"collection":[{"href":"https:\/\/www.hirtenberg-apotheke.at\/katalog\/wp-json\/wp\/v2\/product"}],"about":[{"href":"https:\/\/www.hirtenberg-apotheke.at\/katalog\/wp-json\/wp\/v2\/types\/product"}],"wp:featuredmedia":[{"embeddable":true,"href":"https:\/\/www.hirtenberg-apotheke.at\/katalog\/wp-json\/wp\/v2\/media\/105278"}],"wp:attachment":[{"href":"https:\/\/www.hirtenberg-apotheke.at\/katalog\/wp-json\/wp\/v2\/media?parent=105276"}],"wp:term":[{"taxonomy":"product_brand","embeddable":true,"href":"https:\/\/www.hirtenberg-apotheke.at\/katalog\/wp-json\/wp\/v2\/product_brand?post=105276"},{"taxonomy":"product_cat","embeddable":true,"href":"https:\/\/www.hirtenberg-apotheke.at\/katalog\/wp-json\/wp\/v2\/product_cat?post=105276"},{"taxonomy":"product_tag","embeddable":true,"href":"https:\/\/www.hirtenberg-apotheke.at\/katalog\/wp-json\/wp\/v2\/product_tag?post=105276"}],"curies":[{"name":"wp","href":"https:\/\/api.w.org\/{rel}","templated":true}]}}