{"id":105279,"date":"2025-12-03T08:50:15","date_gmt":"2025-12-03T07:50:15","guid":{"rendered":"https:\/\/www.hirtenberg-apotheke.at\/katalog\/produkt\/sonnentor-kaesepappel-blaue-malve-tee-50g-bio\/"},"modified":"2025-12-03T08:50:29","modified_gmt":"2025-12-03T07:50:29","slug":"sonnentor-kaesepappel-blaue-malve-tee-50g-bio","status":"publish","type":"product","link":"https:\/\/www.hirtenberg-apotheke.at\/katalog\/produkt\/sonnentor-kaesepappel-blaue-malve-tee-50g-bio\/","title":{"rendered":"Sonnentor K\u00e4sepappel (Blaue Malve) Tee 50g BIO"},"content":{"rendered":"<p>Der Sonnentor K\u00e4sepappel (Blaue Malve) Tee in loser Form (50 g) wird vor allem wegen seiner beruhigenden Wirkung gesch\u00e4tzt, wenn Bauchschmerzen das Wohlbefinden plagen. Sein taufrischer, intensiv-herber Geschmack passt hervorragend zu japanischen Speisen wie Sushi oder Maki, kann aber auch sehr gut zu Steaks oder Lammeintopf serviert werden.<\/p>\n","protected":false},"excerpt":{"rendered":"<p>Der Sonnentor K\u00e4sepappel (Blaue Malve) Tee in loser Form (50 g) wird vor allem wegen seiner beruhigenden Wirkung gesch\u00e4tzt, wenn Bauchschmerzen das Wohlbefinden plagen. Sein taufrischer, intensiv-herber Geschmack passt hervorragend zu japanischen Speisen wie Sushi oder Maki, kann aber auch sehr gut zu Steaks oder Lammeintopf serviert werden.<\/p>\n","protected":false},"featured_media":105281,"template":"","meta":{"_acf_changed":false},"product_brand":[917],"product_cat":[303],"product_tag":[],"class_list":{"0":"post-105279","1":"product","2":"type-product","3":"status-publish","4":"has-post-thumbnail","6":"product_brand-sonnentor","7":"product_cat-s","8":"pa_packungsgroesse-50g","10":"first","11":"instock","12":"shipping-taxable","13":"purchasable","14":"product-type-simple"},"acf":[],"_links":{"self":[{"href":"https:\/\/www.hirtenberg-apotheke.at\/katalog\/wp-json\/wp\/v2\/product\/105279","targetHints":{"allow":["GET"]}}],"collection":[{"href":"https:\/\/www.hirtenberg-apotheke.at\/katalog\/wp-json\/wp\/v2\/product"}],"about":[{"href":"https:\/\/www.hirtenberg-apotheke.at\/katalog\/wp-json\/wp\/v2\/types\/product"}],"wp:featuredmedia":[{"embeddable":true,"href":"https:\/\/www.hirtenberg-apotheke.at\/katalog\/wp-json\/wp\/v2\/media\/105281"}],"wp:attachment":[{"href":"https:\/\/www.hirtenberg-apotheke.at\/katalog\/wp-json\/wp\/v2\/media?parent=105279"}],"wp:term":[{"taxonomy":"product_brand","embeddable":true,"href":"https:\/\/www.hirtenberg-apotheke.at\/katalog\/wp-json\/wp\/v2\/product_brand?post=105279"},{"taxonomy":"product_cat","embeddable":true,"href":"https:\/\/www.hirtenberg-apotheke.at\/katalog\/wp-json\/wp\/v2\/product_cat?post=105279"},{"taxonomy":"product_tag","embeddable":true,"href":"https:\/\/www.hirtenberg-apotheke.at\/katalog\/wp-json\/wp\/v2\/product_tag?post=105279"}],"curies":[{"name":"wp","href":"https:\/\/api.w.org\/{rel}","templated":true}]}}