{"id":105285,"date":"2025-12-03T08:50:28","date_gmt":"2025-12-03T07:50:28","guid":{"rendered":"https:\/\/www.hirtenberg-apotheke.at\/katalog\/produkt\/sonnentor-lebkuchen-zeit-tee-bio-18-btl\/"},"modified":"2025-12-03T08:50:53","modified_gmt":"2025-12-03T07:50:53","slug":"sonnentor-lebkuchen-zeit-tee-bio-18-btl","status":"publish","type":"product","link":"https:\/\/www.hirtenberg-apotheke.at\/katalog\/produkt\/sonnentor-lebkuchen-zeit-tee-bio-18-btl\/","title":{"rendered":"Sonnentor Lebkuchen Zeit Tee bio 18 Btl."},"content":{"rendered":"<p>Lebkuchen k\u00f6nntest du dauernd naschen? Mit diesem Tee machen wir das Leben leicht und zimtig s\u00fc\u00df. Er schmeckt wunderbar nach k\u00f6stlichem Lebkuchen und ist der ideale Tee f\u00fcr Naschkatzen an k\u00fchlen Tagen. Er passt wunderbar zu winterlichen Desserts und w\u00fcrzigen Currys. Lass den Lebkuchen in deine Tasse.<\/p>\n","protected":false},"excerpt":{"rendered":"<p>Lebkuchen k\u00f6nntest du dauernd naschen? Mit diesem Tee machen wir das Leben leicht und zimtig s\u00fc\u00df. Er schmeckt wunderbar nach k\u00f6stlichem Lebkuchen und ist der ideale Tee f\u00fcr Naschkatzen an k\u00fchlen Tagen. Er passt wunderbar zu winterlichen Desserts und w\u00fcrzigen Currys. Lass den Lebkuchen in deine Tasse.<\/p>\n","protected":false},"featured_media":105287,"template":"","meta":{"_acf_changed":false},"product_brand":[917],"product_cat":[303],"product_tag":[],"class_list":{"0":"post-105285","1":"product","2":"type-product","3":"status-publish","4":"has-post-thumbnail","6":"product_brand-sonnentor","7":"product_cat-s","8":"pa_packungsgroesse-18-beutel","10":"first","11":"instock","12":"shipping-taxable","13":"purchasable","14":"product-type-simple"},"acf":[],"_links":{"self":[{"href":"https:\/\/www.hirtenberg-apotheke.at\/katalog\/wp-json\/wp\/v2\/product\/105285","targetHints":{"allow":["GET"]}}],"collection":[{"href":"https:\/\/www.hirtenberg-apotheke.at\/katalog\/wp-json\/wp\/v2\/product"}],"about":[{"href":"https:\/\/www.hirtenberg-apotheke.at\/katalog\/wp-json\/wp\/v2\/types\/product"}],"wp:featuredmedia":[{"embeddable":true,"href":"https:\/\/www.hirtenberg-apotheke.at\/katalog\/wp-json\/wp\/v2\/media\/105287"}],"wp:attachment":[{"href":"https:\/\/www.hirtenberg-apotheke.at\/katalog\/wp-json\/wp\/v2\/media?parent=105285"}],"wp:term":[{"taxonomy":"product_brand","embeddable":true,"href":"https:\/\/www.hirtenberg-apotheke.at\/katalog\/wp-json\/wp\/v2\/product_brand?post=105285"},{"taxonomy":"product_cat","embeddable":true,"href":"https:\/\/www.hirtenberg-apotheke.at\/katalog\/wp-json\/wp\/v2\/product_cat?post=105285"},{"taxonomy":"product_tag","embeddable":true,"href":"https:\/\/www.hirtenberg-apotheke.at\/katalog\/wp-json\/wp\/v2\/product_tag?post=105285"}],"curies":[{"name":"wp","href":"https:\/\/api.w.org\/{rel}","templated":true}]}}