{"id":105301,"date":"2025-12-03T08:51:02","date_gmt":"2025-12-03T07:51:02","guid":{"rendered":"https:\/\/www.hirtenberg-apotheke.at\/katalog\/produkt\/sonnentor-oolong-schwarztee-lose-blatt-40-g\/"},"modified":"2025-12-03T08:51:08","modified_gmt":"2025-12-03T07:51:08","slug":"sonnentor-oolong-schwarztee-lose-blatt-40-g","status":"publish","type":"product","link":"https:\/\/www.hirtenberg-apotheke.at\/katalog\/produkt\/sonnentor-oolong-schwarztee-lose-blatt-40-g\/","title":{"rendered":"Sonnentor Oolong Schwarztee lose Blatt 40 g"},"content":{"rendered":"<p>Eine halbe Sache! Und dabei so ausgewogen. Oolong ist halbfermentierter Tee, liegt zwischen Gr\u00fcn- und Schwarztee und wird deswegen auch als brauner oder roter Tee bezeichnet. Der Tee schimmert in einem satten Goldbraun aus der Tasse. Der herbe, malzige Duft spiegelt sich im Geschmack wider. Er ist ein idealer Fr\u00fchst\u00fcckstee und ein gro\u00dfartiger Begleiter von Getreidegerichten. Einfach k\u00f6stlich!<\/p>\n","protected":false},"excerpt":{"rendered":"<p>Eine halbe Sache! Und dabei so ausgewogen. Oolong ist halbfermentierter Tee, liegt zwischen Gr\u00fcn- und Schwarztee und wird deswegen auch als brauner oder roter Tee bezeichnet. Der Tee schimmert in einem satten Goldbraun aus der Tasse. Der herbe, malzige Duft spiegelt sich im Geschmack wider. Er ist ein idealer Fr\u00fchst\u00fcckstee und ein gro\u00dfartiger Begleiter von [&hellip;]<\/p>\n","protected":false},"featured_media":105303,"template":"","meta":{"_acf_changed":false},"product_brand":[917],"product_cat":[303],"product_tag":[],"class_list":{"0":"post-105301","1":"product","2":"type-product","3":"status-publish","4":"has-post-thumbnail","6":"product_brand-sonnentor","7":"product_cat-s","8":"pa_packungsgroesse-40g","10":"first","11":"instock","12":"shipping-taxable","13":"purchasable","14":"product-type-simple"},"acf":[],"_links":{"self":[{"href":"https:\/\/www.hirtenberg-apotheke.at\/katalog\/wp-json\/wp\/v2\/product\/105301","targetHints":{"allow":["GET"]}}],"collection":[{"href":"https:\/\/www.hirtenberg-apotheke.at\/katalog\/wp-json\/wp\/v2\/product"}],"about":[{"href":"https:\/\/www.hirtenberg-apotheke.at\/katalog\/wp-json\/wp\/v2\/types\/product"}],"wp:featuredmedia":[{"embeddable":true,"href":"https:\/\/www.hirtenberg-apotheke.at\/katalog\/wp-json\/wp\/v2\/media\/105303"}],"wp:attachment":[{"href":"https:\/\/www.hirtenberg-apotheke.at\/katalog\/wp-json\/wp\/v2\/media?parent=105301"}],"wp:term":[{"taxonomy":"product_brand","embeddable":true,"href":"https:\/\/www.hirtenberg-apotheke.at\/katalog\/wp-json\/wp\/v2\/product_brand?post=105301"},{"taxonomy":"product_cat","embeddable":true,"href":"https:\/\/www.hirtenberg-apotheke.at\/katalog\/wp-json\/wp\/v2\/product_cat?post=105301"},{"taxonomy":"product_tag","embeddable":true,"href":"https:\/\/www.hirtenberg-apotheke.at\/katalog\/wp-json\/wp\/v2\/product_tag?post=105301"}],"curies":[{"name":"wp","href":"https:\/\/api.w.org\/{rel}","templated":true}]}}