{"id":105354,"date":"2025-12-03T08:52:36","date_gmt":"2025-12-03T07:52:36","guid":{"rendered":"https:\/\/www.hirtenberg-apotheke.at\/katalog\/produkt\/sonnentor-vanillezucker-gemahlen-50g-bio\/"},"modified":"2025-12-03T08:53:16","modified_gmt":"2025-12-03T07:53:16","slug":"sonnentor-vanillezucker-gemahlen-50g-bio","status":"publish","type":"product","link":"https:\/\/www.hirtenberg-apotheke.at\/katalog\/produkt\/sonnentor-vanillezucker-gemahlen-50g-bio\/","title":{"rendered":"Sonnentor Vanillezucker gemahlen 50g BIO"},"content":{"rendered":"<p>Der Sonnentor Vanillezucker gemahlen in der 50 g Packung sorgt f\u00fcr die perfekte, sinnliche S\u00fc\u00dfe f\u00fcr Kipferl und Co und ist ein Must-have in jedem Backregal. Feinste Vanille bettet sich in R\u00fcbenzucker und rundet Ihre S\u00fc\u00dfspeisen zu einem himmlischen Genuss ab. Passt wunderbar in Cremen, Puddings, Kekse, Kuchen, Schokolade und Eis.<\/p>\n","protected":false},"excerpt":{"rendered":"<p>Der Sonnentor Vanillezucker gemahlen in der 50 g Packung sorgt f\u00fcr die perfekte, sinnliche S\u00fc\u00dfe f\u00fcr Kipferl und Co und ist ein Must-have in jedem Backregal. Feinste Vanille bettet sich in R\u00fcbenzucker und rundet Ihre S\u00fc\u00dfspeisen zu einem himmlischen Genuss ab. Passt wunderbar in Cremen, Puddings, Kekse, Kuchen, Schokolade und Eis.<\/p>\n","protected":false},"featured_media":105356,"template":"","meta":{"_acf_changed":false},"product_brand":[917],"product_cat":[303],"product_tag":[],"class_list":{"0":"post-105354","1":"product","2":"type-product","3":"status-publish","4":"has-post-thumbnail","6":"product_brand-sonnentor","7":"product_cat-s","8":"pa_packungsgroesse-50g","10":"first","11":"instock","12":"shipping-taxable","13":"purchasable","14":"product-type-simple"},"acf":[],"_links":{"self":[{"href":"https:\/\/www.hirtenberg-apotheke.at\/katalog\/wp-json\/wp\/v2\/product\/105354","targetHints":{"allow":["GET"]}}],"collection":[{"href":"https:\/\/www.hirtenberg-apotheke.at\/katalog\/wp-json\/wp\/v2\/product"}],"about":[{"href":"https:\/\/www.hirtenberg-apotheke.at\/katalog\/wp-json\/wp\/v2\/types\/product"}],"wp:featuredmedia":[{"embeddable":true,"href":"https:\/\/www.hirtenberg-apotheke.at\/katalog\/wp-json\/wp\/v2\/media\/105356"}],"wp:attachment":[{"href":"https:\/\/www.hirtenberg-apotheke.at\/katalog\/wp-json\/wp\/v2\/media?parent=105354"}],"wp:term":[{"taxonomy":"product_brand","embeddable":true,"href":"https:\/\/www.hirtenberg-apotheke.at\/katalog\/wp-json\/wp\/v2\/product_brand?post=105354"},{"taxonomy":"product_cat","embeddable":true,"href":"https:\/\/www.hirtenberg-apotheke.at\/katalog\/wp-json\/wp\/v2\/product_cat?post=105354"},{"taxonomy":"product_tag","embeddable":true,"href":"https:\/\/www.hirtenberg-apotheke.at\/katalog\/wp-json\/wp\/v2\/product_tag?post=105354"}],"curies":[{"name":"wp","href":"https:\/\/api.w.org\/{rel}","templated":true}]}}