{"id":105369,"date":"2025-12-03T08:53:19","date_gmt":"2025-12-03T07:53:19","guid":{"rendered":"https:\/\/www.hirtenberg-apotheke.at\/katalog\/produkt\/sonnentor-zimt-ceylon-gemahlen-gastrodose-gross-450-g-bio\/"},"modified":"2025-12-03T08:53:26","modified_gmt":"2025-12-03T07:53:26","slug":"sonnentor-zimt-ceylon-gemahlen-gastrodose-gross-450-g-bio","status":"publish","type":"product","link":"https:\/\/www.hirtenberg-apotheke.at\/katalog\/produkt\/sonnentor-zimt-ceylon-gemahlen-gastrodose-gross-450-g-bio\/","title":{"rendered":"Sonnentor Zimt Ceylon gemahlen Gastrodose gro\u00df 450 g BIO"},"content":{"rendered":"<p>Sonnentor Zimt Ceylon ist etwas milder als sein naher Verwandter, der Cassia-Zimt. Der Geschmack von Zimt ist aus unseren K\u00fcchen nicht wegzudenken, das Gew\u00fcrz passt zu Milchreis, in Kompotte und Kuchen, geh\u00f6rt aber auch in so manche pikante arabische, \u00e4thiopische und indische Gerichte..<\/p>\n","protected":false},"excerpt":{"rendered":"<p>Sonnentor Zimt Ceylon ist etwas milder als sein naher Verwandter, der Cassia-Zimt. Der Geschmack von Zimt ist aus unseren K\u00fcchen nicht wegzudenken, das Gew\u00fcrz passt zu Milchreis, in Kompotte und Kuchen, geh\u00f6rt aber auch in so manche pikante arabische, \u00e4thiopische und indische Gerichte..<\/p>\n","protected":false},"featured_media":105371,"template":"","meta":{"_acf_changed":false},"product_brand":[917],"product_cat":[303],"product_tag":[],"class_list":{"0":"post-105369","1":"product","2":"type-product","3":"status-publish","4":"has-post-thumbnail","6":"product_brand-sonnentor","7":"product_cat-s","8":"pa_packungsgroesse-450g","10":"first","11":"instock","12":"shipping-taxable","13":"purchasable","14":"product-type-simple"},"acf":[],"_links":{"self":[{"href":"https:\/\/www.hirtenberg-apotheke.at\/katalog\/wp-json\/wp\/v2\/product\/105369","targetHints":{"allow":["GET"]}}],"collection":[{"href":"https:\/\/www.hirtenberg-apotheke.at\/katalog\/wp-json\/wp\/v2\/product"}],"about":[{"href":"https:\/\/www.hirtenberg-apotheke.at\/katalog\/wp-json\/wp\/v2\/types\/product"}],"wp:featuredmedia":[{"embeddable":true,"href":"https:\/\/www.hirtenberg-apotheke.at\/katalog\/wp-json\/wp\/v2\/media\/105371"}],"wp:attachment":[{"href":"https:\/\/www.hirtenberg-apotheke.at\/katalog\/wp-json\/wp\/v2\/media?parent=105369"}],"wp:term":[{"taxonomy":"product_brand","embeddable":true,"href":"https:\/\/www.hirtenberg-apotheke.at\/katalog\/wp-json\/wp\/v2\/product_brand?post=105369"},{"taxonomy":"product_cat","embeddable":true,"href":"https:\/\/www.hirtenberg-apotheke.at\/katalog\/wp-json\/wp\/v2\/product_cat?post=105369"},{"taxonomy":"product_tag","embeddable":true,"href":"https:\/\/www.hirtenberg-apotheke.at\/katalog\/wp-json\/wp\/v2\/product_tag?post=105369"}],"curies":[{"name":"wp","href":"https:\/\/api.w.org\/{rel}","templated":true}]}}