{"id":105456,"date":"2025-12-03T08:56:26","date_gmt":"2025-12-03T07:56:26","guid":{"rendered":"https:\/\/www.hirtenberg-apotheke.at\/katalog\/produkt\/sonnentor-meister-lampes-bluetensalz-streudose-90-g-bio\/"},"modified":"2025-12-03T08:56:50","modified_gmt":"2025-12-03T07:56:50","slug":"sonnentor-meister-lampes-bluetensalz-streudose-90-g-bio","status":"publish","type":"product","link":"https:\/\/www.hirtenberg-apotheke.at\/katalog\/produkt\/sonnentor-meister-lampes-bluetensalz-streudose-90-g-bio\/","title":{"rendered":"Sonnentor Meister Lampes Bl\u00fctensalz Streudose 90 g BIO"},"content":{"rendered":"<p>Sonnentor Meister Lampes Bl\u00fctensalz Streudose 90 g zaubert bunte Gaumenfreuden, die mediterrane Gen\u00fcsse bedeuten. Das Ei, der K\u00e4se und der Fisch, schmecken mit dieser Mischung k\u00f6stlich frisch.<\/p>\n","protected":false},"excerpt":{"rendered":"<p>Sonnentor Meister Lampes Bl\u00fctensalz Streudose 90 g zaubert bunte Gaumenfreuden, die mediterrane Gen\u00fcsse bedeuten. Das Ei, der K\u00e4se und der Fisch, schmecken mit dieser Mischung k\u00f6stlich frisch.<\/p>\n","protected":false},"featured_media":105458,"template":"","meta":{"_acf_changed":false},"product_brand":[917],"product_cat":[303],"product_tag":[],"class_list":{"0":"post-105456","1":"product","2":"type-product","3":"status-publish","4":"has-post-thumbnail","6":"product_brand-sonnentor","7":"product_cat-s","8":"pa_packungsgroesse-90g","10":"first","11":"instock","12":"shipping-taxable","13":"purchasable","14":"product-type-simple"},"acf":[],"_links":{"self":[{"href":"https:\/\/www.hirtenberg-apotheke.at\/katalog\/wp-json\/wp\/v2\/product\/105456","targetHints":{"allow":["GET"]}}],"collection":[{"href":"https:\/\/www.hirtenberg-apotheke.at\/katalog\/wp-json\/wp\/v2\/product"}],"about":[{"href":"https:\/\/www.hirtenberg-apotheke.at\/katalog\/wp-json\/wp\/v2\/types\/product"}],"wp:featuredmedia":[{"embeddable":true,"href":"https:\/\/www.hirtenberg-apotheke.at\/katalog\/wp-json\/wp\/v2\/media\/105458"}],"wp:attachment":[{"href":"https:\/\/www.hirtenberg-apotheke.at\/katalog\/wp-json\/wp\/v2\/media?parent=105456"}],"wp:term":[{"taxonomy":"product_brand","embeddable":true,"href":"https:\/\/www.hirtenberg-apotheke.at\/katalog\/wp-json\/wp\/v2\/product_brand?post=105456"},{"taxonomy":"product_cat","embeddable":true,"href":"https:\/\/www.hirtenberg-apotheke.at\/katalog\/wp-json\/wp\/v2\/product_cat?post=105456"},{"taxonomy":"product_tag","embeddable":true,"href":"https:\/\/www.hirtenberg-apotheke.at\/katalog\/wp-json\/wp\/v2\/product_tag?post=105456"}],"curies":[{"name":"wp","href":"https:\/\/api.w.org\/{rel}","templated":true}]}}