{"id":105492,"date":"2025-12-03T08:57:12","date_gmt":"2025-12-03T07:57:12","guid":{"rendered":"https:\/\/www.hirtenberg-apotheke.at\/katalog\/produkt\/speci-chol-spagyra-tropfen-pekana-50-ml\/"},"modified":"2025-12-03T08:58:22","modified_gmt":"2025-12-03T07:58:22","slug":"speci-chol-spagyra-tropfen-pekana-50-ml","status":"publish","type":"product","link":"https:\/\/www.hirtenberg-apotheke.at\/katalog\/produkt\/speci-chol-spagyra-tropfen-pekana-50-ml\/","title":{"rendered":"Speci-Chol Spagyra Tropfen Pekana 50 ml"},"content":{"rendered":"<p>SPECIOL spag. Peka Tropfen dienen als hom\u00f6opathisches Mittel der unterst\u00fctzenden Behandlung von Leber- und Bauchspeicheldr\u00fcsenbeschwerden mit Bl\u00e4hsucht und Verdauungsschw\u00e4che.Die Anwendung dieses hom\u00f6opathischen Arzneimittels in den genannten Anwendungsgebieten beruht ausschlie\u00dflich auf hom\u00f6opathischer Erfahrung.Bei schweren Formen dieser Erkrankungen ist eine klinisch belegte Therapie angezeigt.Dieses Arzneimittel wird angewendet bei Kindern ab 1 Jahr, Jugendlichen und Erwachsenen.Wenn Sie sich nach 7 Tagen nicht besser oder gar schlechter f\u00fchlen, wenden Sie sich an Ihren Arzt..<\/p>\n","protected":false},"excerpt":{"rendered":"<p>SPECIOL spag. Peka Tropfen dienen als hom\u00f6opathisches Mittel der unterst\u00fctzenden Behandlung von Leber- und Bauchspeicheldr\u00fcsenbeschwerden mit Bl\u00e4hsucht und Verdauungsschw\u00e4che.Die Anwendung dieses hom\u00f6opathischen Arzneimittels in den genannten Anwendungsgebieten beruht ausschlie\u00dflich auf hom\u00f6opathischer Erfahrung.Bei schweren Formen dieser Erkrankungen ist eine klinisch belegte Therapie angezeigt.Dieses Arzneimittel wird angewendet bei Kindern ab 1 Jahr, Jugendlichen und Erwachsenen.Wenn Sie sich [&hellip;]<\/p>\n","protected":false},"featured_media":105494,"template":"","meta":{"_acf_changed":false},"product_brand":[],"product_cat":[303],"product_tag":[],"class_list":{"0":"post-105492","1":"product","2":"type-product","3":"status-publish","4":"has-post-thumbnail","6":"product_cat-s","7":"pa_packungsgroesse-50ml","9":"first","10":"instock","11":"shipping-taxable","12":"purchasable","13":"product-type-simple"},"acf":[],"_links":{"self":[{"href":"https:\/\/www.hirtenberg-apotheke.at\/katalog\/wp-json\/wp\/v2\/product\/105492","targetHints":{"allow":["GET"]}}],"collection":[{"href":"https:\/\/www.hirtenberg-apotheke.at\/katalog\/wp-json\/wp\/v2\/product"}],"about":[{"href":"https:\/\/www.hirtenberg-apotheke.at\/katalog\/wp-json\/wp\/v2\/types\/product"}],"wp:featuredmedia":[{"embeddable":true,"href":"https:\/\/www.hirtenberg-apotheke.at\/katalog\/wp-json\/wp\/v2\/media\/105494"}],"wp:attachment":[{"href":"https:\/\/www.hirtenberg-apotheke.at\/katalog\/wp-json\/wp\/v2\/media?parent=105492"}],"wp:term":[{"taxonomy":"product_brand","embeddable":true,"href":"https:\/\/www.hirtenberg-apotheke.at\/katalog\/wp-json\/wp\/v2\/product_brand?post=105492"},{"taxonomy":"product_cat","embeddable":true,"href":"https:\/\/www.hirtenberg-apotheke.at\/katalog\/wp-json\/wp\/v2\/product_cat?post=105492"},{"taxonomy":"product_tag","embeddable":true,"href":"https:\/\/www.hirtenberg-apotheke.at\/katalog\/wp-json\/wp\/v2\/product_tag?post=105492"}],"curies":[{"name":"wp","href":"https:\/\/api.w.org\/{rel}","templated":true}]}}