{"id":10550,"date":"2025-11-25T14:12:48","date_gmt":"2025-11-25T13:12:48","guid":{"rendered":"https:\/\/www.hirtenberg-apotheke.at\/katalog\/produkt\/sanvita-ginseng-kapseln-gelee-royale-30-stk\/"},"modified":"2025-11-25T14:13:29","modified_gmt":"2025-11-25T13:13:29","slug":"sanvita-ginseng-kapseln-gelee-royale-30-stk","status":"publish","type":"product","link":"https:\/\/www.hirtenberg-apotheke.at\/katalog\/produkt\/sanvita-ginseng-kapseln-gelee-royale-30-stk\/","title":{"rendered":"Sanvita Ginseng Kapseln + Gelee Royale 30 Stk."},"content":{"rendered":"<p>Sanvita\u00ae Ginseng Kapseln sind ein hochwertiges Kombinationspr\u00e4parat zur Erhaltung und St\u00e4rkung Ihrer geistigen und k\u00f6rperlichen Leistungsf\u00e4higkeit.<\/p>\n","protected":false},"excerpt":{"rendered":"<p>Sanvita\u00ae Ginseng Kapseln sind ein hochwertiges Kombinationspr\u00e4parat zur Erhaltung und St\u00e4rkung Ihrer geistigen und k\u00f6rperlichen Leistungsf\u00e4higkeit.<\/p>\n","protected":false},"featured_media":10552,"template":"","meta":{"_acf_changed":false},"product_brand":[438],"product_cat":[303],"product_tag":[],"class_list":{"0":"post-10550","1":"product","2":"type-product","3":"status-publish","4":"has-post-thumbnail","6":"product_brand-sanvita","7":"product_cat-s","8":"pa_packungsgroesse-30-stueck","10":"first","11":"instock","12":"shipping-taxable","13":"purchasable","14":"product-type-simple"},"acf":[],"_links":{"self":[{"href":"https:\/\/www.hirtenberg-apotheke.at\/katalog\/wp-json\/wp\/v2\/product\/10550","targetHints":{"allow":["GET"]}}],"collection":[{"href":"https:\/\/www.hirtenberg-apotheke.at\/katalog\/wp-json\/wp\/v2\/product"}],"about":[{"href":"https:\/\/www.hirtenberg-apotheke.at\/katalog\/wp-json\/wp\/v2\/types\/product"}],"wp:featuredmedia":[{"embeddable":true,"href":"https:\/\/www.hirtenberg-apotheke.at\/katalog\/wp-json\/wp\/v2\/media\/10552"}],"wp:attachment":[{"href":"https:\/\/www.hirtenberg-apotheke.at\/katalog\/wp-json\/wp\/v2\/media?parent=10550"}],"wp:term":[{"taxonomy":"product_brand","embeddable":true,"href":"https:\/\/www.hirtenberg-apotheke.at\/katalog\/wp-json\/wp\/v2\/product_brand?post=10550"},{"taxonomy":"product_cat","embeddable":true,"href":"https:\/\/www.hirtenberg-apotheke.at\/katalog\/wp-json\/wp\/v2\/product_cat?post=10550"},{"taxonomy":"product_tag","embeddable":true,"href":"https:\/\/www.hirtenberg-apotheke.at\/katalog\/wp-json\/wp\/v2\/product_tag?post=10550"}],"curies":[{"name":"wp","href":"https:\/\/api.w.org\/{rel}","templated":true}]}}