{"id":105591,"date":"2025-12-03T09:01:27","date_gmt":"2025-12-03T08:01:27","guid":{"rendered":"https:\/\/www.hirtenberg-apotheke.at\/katalog\/produkt\/stella-likoer-komposition-inlaender-rum-1-stk\/"},"modified":"2025-12-03T09:01:31","modified_gmt":"2025-12-03T08:01:31","slug":"stella-likoer-komposition-inlaender-rum-1-stk","status":"publish","type":"product","link":"https:\/\/www.hirtenberg-apotheke.at\/katalog\/produkt\/stella-likoer-komposition-inlaender-rum-1-stk\/","title":{"rendered":"Stella Lik\u00f6r Komposition Inl\u00e4nder Rum 1 Stk."},"content":{"rendered":"<p>Eine feine Lik\u00f6rkomposition in der Geschmacksrichtung Inl\u00e4nderrum. F\u00fcr 1 Liter Lik\u00f6r wird der Inhalt eines Fl\u00e4schchens (10ml) zu 3\/10 Liter Weingeist 96% gegeben. 350 gr. Zucker in 0,5 Liter Wasser aufkochen und ausgek\u00fchlt zumischen..<\/p>\n","protected":false},"excerpt":{"rendered":"<p>Eine feine Lik\u00f6rkomposition in der Geschmacksrichtung Inl\u00e4nderrum. F\u00fcr 1 Liter Lik\u00f6r wird der Inhalt eines Fl\u00e4schchens (10ml) zu 3\/10 Liter Weingeist 96% gegeben. 350 gr. Zucker in 0,5 Liter Wasser aufkochen und ausgek\u00fchlt zumischen..<\/p>\n","protected":false},"featured_media":105593,"template":"","meta":{"_acf_changed":false},"product_brand":[],"product_cat":[303],"product_tag":[],"class_list":{"0":"post-105591","1":"product","2":"type-product","3":"status-publish","4":"has-post-thumbnail","6":"product_cat-s","7":"pa_packungsgroesse-1-stueck","9":"first","10":"instock","11":"shipping-taxable","12":"purchasable","13":"product-type-simple"},"acf":[],"_links":{"self":[{"href":"https:\/\/www.hirtenberg-apotheke.at\/katalog\/wp-json\/wp\/v2\/product\/105591","targetHints":{"allow":["GET"]}}],"collection":[{"href":"https:\/\/www.hirtenberg-apotheke.at\/katalog\/wp-json\/wp\/v2\/product"}],"about":[{"href":"https:\/\/www.hirtenberg-apotheke.at\/katalog\/wp-json\/wp\/v2\/types\/product"}],"wp:featuredmedia":[{"embeddable":true,"href":"https:\/\/www.hirtenberg-apotheke.at\/katalog\/wp-json\/wp\/v2\/media\/105593"}],"wp:attachment":[{"href":"https:\/\/www.hirtenberg-apotheke.at\/katalog\/wp-json\/wp\/v2\/media?parent=105591"}],"wp:term":[{"taxonomy":"product_brand","embeddable":true,"href":"https:\/\/www.hirtenberg-apotheke.at\/katalog\/wp-json\/wp\/v2\/product_brand?post=105591"},{"taxonomy":"product_cat","embeddable":true,"href":"https:\/\/www.hirtenberg-apotheke.at\/katalog\/wp-json\/wp\/v2\/product_cat?post=105591"},{"taxonomy":"product_tag","embeddable":true,"href":"https:\/\/www.hirtenberg-apotheke.at\/katalog\/wp-json\/wp\/v2\/product_tag?post=105591"}],"curies":[{"name":"wp","href":"https:\/\/api.w.org\/{rel}","templated":true}]}}