{"id":105718,"date":"2025-12-03T09:06:23","date_gmt":"2025-12-03T08:06:23","guid":{"rendered":"https:\/\/www.hirtenberg-apotheke.at\/katalog\/produkt\/pflueger-dr-schuessler-nr-19-cuprum-arsenicosum-100-g\/"},"modified":"2025-12-03T09:06:54","modified_gmt":"2025-12-03T08:06:54","slug":"pflueger-dr-schuessler-nr-19-cuprum-arsenicosum-100-g","status":"publish","type":"product","link":"https:\/\/www.hirtenberg-apotheke.at\/katalog\/produkt\/pflueger-dr-schuessler-nr-19-cuprum-arsenicosum-100-g\/","title":{"rendered":"Pfl\u00fcger Dr. Sch\u00fc\u00dfler Nr. 19 Cuprum Arsenicosum 100 g"},"content":{"rendered":"<p>Pfl\u00fcger Dr. Sch\u00fc\u00dfler Nr. 19 Cuprum Arsenicosum wird vor allem bei Krampfzust\u00e4nden im K\u00f6rper eingesetzt. Kommt es im K\u00f6rper zu einem gest\u00f6rten Kupferstoffwechsel oder zu einem Kupfermangel, kann dadurch eine An\u00e4mie (Blutarmut) und Abwehrschw\u00e4che entstehen. Au\u00dferdem kann ein Mangel an Kupfer zu fr\u00fchzeitigem Grauwerden der Haare und Haarausfall f\u00fchren.<\/p>\n","protected":false},"excerpt":{"rendered":"<p>Pfl\u00fcger Dr. Sch\u00fc\u00dfler Nr. 19 Cuprum Arsenicosum wird vor allem bei Krampfzust\u00e4nden im K\u00f6rper eingesetzt. Kommt es im K\u00f6rper zu einem gest\u00f6rten Kupferstoffwechsel oder zu einem Kupfermangel, kann dadurch eine An\u00e4mie (Blutarmut) und Abwehrschw\u00e4che entstehen. Au\u00dferdem kann ein Mangel an Kupfer zu fr\u00fchzeitigem Grauwerden der Haare und Haarausfall f\u00fchren.<\/p>\n","protected":false},"featured_media":0,"template":"","meta":{"_acf_changed":false},"product_brand":[],"product_cat":[302],"product_tag":[],"class_list":{"0":"post-105718","1":"product","2":"type-product","3":"status-publish","5":"product_cat-p","6":"pa_packungsgroesse-100g","8":"first","9":"instock","10":"shipping-taxable","11":"purchasable","12":"product-type-simple"},"acf":[],"_links":{"self":[{"href":"https:\/\/www.hirtenberg-apotheke.at\/katalog\/wp-json\/wp\/v2\/product\/105718","targetHints":{"allow":["GET"]}}],"collection":[{"href":"https:\/\/www.hirtenberg-apotheke.at\/katalog\/wp-json\/wp\/v2\/product"}],"about":[{"href":"https:\/\/www.hirtenberg-apotheke.at\/katalog\/wp-json\/wp\/v2\/types\/product"}],"wp:attachment":[{"href":"https:\/\/www.hirtenberg-apotheke.at\/katalog\/wp-json\/wp\/v2\/media?parent=105718"}],"wp:term":[{"taxonomy":"product_brand","embeddable":true,"href":"https:\/\/www.hirtenberg-apotheke.at\/katalog\/wp-json\/wp\/v2\/product_brand?post=105718"},{"taxonomy":"product_cat","embeddable":true,"href":"https:\/\/www.hirtenberg-apotheke.at\/katalog\/wp-json\/wp\/v2\/product_cat?post=105718"},{"taxonomy":"product_tag","embeddable":true,"href":"https:\/\/www.hirtenberg-apotheke.at\/katalog\/wp-json\/wp\/v2\/product_tag?post=105718"}],"curies":[{"name":"wp","href":"https:\/\/api.w.org\/{rel}","templated":true}]}}