{"id":105720,"date":"2025-12-03T09:06:53","date_gmt":"2025-12-03T08:06:53","guid":{"rendered":"https:\/\/www.hirtenberg-apotheke.at\/katalog\/produkt\/pflueger-dr-schuessler-nr-20-kalium-aluminium-sulfuricum-100-g\/"},"modified":"2025-12-03T09:07:07","modified_gmt":"2025-12-03T08:07:07","slug":"pflueger-dr-schuessler-nr-20-kalium-aluminium-sulfuricum-100-g","status":"publish","type":"product","link":"https:\/\/www.hirtenberg-apotheke.at\/katalog\/produkt\/pflueger-dr-schuessler-nr-20-kalium-aluminium-sulfuricum-100-g\/","title":{"rendered":"Pfl\u00fcger Dr. Sch\u00fc\u00dfler Nr. 20 Kalium Aluminium Sulfuricum 100 g"},"content":{"rendered":"<p>Pfl\u00fcger Dr. Sch\u00fc\u00dfler Nr. 20 Kalium Aluminium Sulfuricum soll als biochemisches Mittel bei Demenz und Vergesslichkeit helfen und einem Fl\u00fcssigkeitsverlust vorbeugen. Au\u00dferdem kann Alaun offenbar das Bindegewebe reinigen und die Ausscheidung von Aluminium unterst\u00fctzen.<\/p>\n","protected":false},"excerpt":{"rendered":"<p>Pfl\u00fcger Dr. Sch\u00fc\u00dfler Nr. 20 Kalium Aluminium Sulfuricum soll als biochemisches Mittel bei Demenz und Vergesslichkeit helfen und einem Fl\u00fcssigkeitsverlust vorbeugen. Au\u00dferdem kann Alaun offenbar das Bindegewebe reinigen und die Ausscheidung von Aluminium unterst\u00fctzen.<\/p>\n","protected":false},"featured_media":0,"template":"","meta":{"_acf_changed":false},"product_brand":[],"product_cat":[302],"product_tag":[],"class_list":{"0":"post-105720","1":"product","2":"type-product","3":"status-publish","5":"product_cat-p","6":"pa_packungsgroesse-100g","8":"first","9":"instock","10":"shipping-taxable","11":"purchasable","12":"product-type-simple"},"acf":[],"_links":{"self":[{"href":"https:\/\/www.hirtenberg-apotheke.at\/katalog\/wp-json\/wp\/v2\/product\/105720","targetHints":{"allow":["GET"]}}],"collection":[{"href":"https:\/\/www.hirtenberg-apotheke.at\/katalog\/wp-json\/wp\/v2\/product"}],"about":[{"href":"https:\/\/www.hirtenberg-apotheke.at\/katalog\/wp-json\/wp\/v2\/types\/product"}],"wp:attachment":[{"href":"https:\/\/www.hirtenberg-apotheke.at\/katalog\/wp-json\/wp\/v2\/media?parent=105720"}],"wp:term":[{"taxonomy":"product_brand","embeddable":true,"href":"https:\/\/www.hirtenberg-apotheke.at\/katalog\/wp-json\/wp\/v2\/product_brand?post=105720"},{"taxonomy":"product_cat","embeddable":true,"href":"https:\/\/www.hirtenberg-apotheke.at\/katalog\/wp-json\/wp\/v2\/product_cat?post=105720"},{"taxonomy":"product_tag","embeddable":true,"href":"https:\/\/www.hirtenberg-apotheke.at\/katalog\/wp-json\/wp\/v2\/product_tag?post=105720"}],"curies":[{"name":"wp","href":"https:\/\/api.w.org\/{rel}","templated":true}]}}