{"id":105726,"date":"2025-12-03T09:07:38","date_gmt":"2025-12-03T08:07:38","guid":{"rendered":"https:\/\/www.hirtenberg-apotheke.at\/katalog\/produkt\/pflueger-dr-schuessler-nr-23-natrium-bicarbonicum-100-g\/"},"modified":"2025-12-03T09:07:53","modified_gmt":"2025-12-03T08:07:53","slug":"pflueger-dr-schuessler-nr-23-natrium-bicarbonicum-100-g","status":"publish","type":"product","link":"https:\/\/www.hirtenberg-apotheke.at\/katalog\/produkt\/pflueger-dr-schuessler-nr-23-natrium-bicarbonicum-100-g\/","title":{"rendered":"Pfl\u00fcger Dr. Sch\u00fc\u00dfler Nr. 23 Natrium Bicarbonicum 100 g"},"content":{"rendered":"<p>Pfl\u00fcger Dr. Sch\u00fc\u00dfler Nr. 23 Natrium Bicarbonicum gilt als biochemisches Funktionsmittel f\u00fcr den S\u00e4ure-Basen-Haushalt. Es soll die Bildung von Harns\u00e4ure mindern und bei Gicht helfen. Au\u00dferdem bindet es Kohlendioxid, das bei fast allen Verbrennungsvorg\u00e4ngen entsteht.<\/p>\n","protected":false},"excerpt":{"rendered":"<p>Pfl\u00fcger Dr. Sch\u00fc\u00dfler Nr. 23 Natrium Bicarbonicum gilt als biochemisches Funktionsmittel f\u00fcr den S\u00e4ure-Basen-Haushalt. Es soll die Bildung von Harns\u00e4ure mindern und bei Gicht helfen. Au\u00dferdem bindet es Kohlendioxid, das bei fast allen Verbrennungsvorg\u00e4ngen entsteht.<\/p>\n","protected":false},"featured_media":0,"template":"","meta":{"_acf_changed":false},"product_brand":[],"product_cat":[302],"product_tag":[],"class_list":{"0":"post-105726","1":"product","2":"type-product","3":"status-publish","5":"product_cat-p","6":"pa_packungsgroesse-100g","8":"first","9":"instock","10":"shipping-taxable","11":"purchasable","12":"product-type-simple"},"acf":[],"_links":{"self":[{"href":"https:\/\/www.hirtenberg-apotheke.at\/katalog\/wp-json\/wp\/v2\/product\/105726","targetHints":{"allow":["GET"]}}],"collection":[{"href":"https:\/\/www.hirtenberg-apotheke.at\/katalog\/wp-json\/wp\/v2\/product"}],"about":[{"href":"https:\/\/www.hirtenberg-apotheke.at\/katalog\/wp-json\/wp\/v2\/types\/product"}],"wp:attachment":[{"href":"https:\/\/www.hirtenberg-apotheke.at\/katalog\/wp-json\/wp\/v2\/media?parent=105726"}],"wp:term":[{"taxonomy":"product_brand","embeddable":true,"href":"https:\/\/www.hirtenberg-apotheke.at\/katalog\/wp-json\/wp\/v2\/product_brand?post=105726"},{"taxonomy":"product_cat","embeddable":true,"href":"https:\/\/www.hirtenberg-apotheke.at\/katalog\/wp-json\/wp\/v2\/product_cat?post=105726"},{"taxonomy":"product_tag","embeddable":true,"href":"https:\/\/www.hirtenberg-apotheke.at\/katalog\/wp-json\/wp\/v2\/product_tag?post=105726"}],"curies":[{"name":"wp","href":"https:\/\/api.w.org\/{rel}","templated":true}]}}