{"id":105774,"date":"2025-12-03T09:08:46","date_gmt":"2025-12-03T08:08:46","guid":{"rendered":"https:\/\/www.hirtenberg-apotheke.at\/katalog\/produkt\/sebamed-trockene-haut-gesichtscreme-omega-12-50-ml\/"},"modified":"2025-12-03T09:08:51","modified_gmt":"2025-12-03T08:08:51","slug":"sebamed-trockene-haut-gesichtscreme-omega-12-50-ml","status":"publish","type":"product","link":"https:\/\/www.hirtenberg-apotheke.at\/katalog\/produkt\/sebamed-trockene-haut-gesichtscreme-omega-12-50-ml\/","title":{"rendered":"Sebamed Trockene Haut Gesichtscreme Omega 12% 50 ml"},"content":{"rendered":"<p>Als hautberuhigende Intensivpflege von sehr trockener, ger\u00f6teter Haut eignen sich Sebamed Trockene Haut Gesichtscreme mit hochkonzentrierten Omega-6-Fetts\u00e4uren. Hochkonzentrierte  Omega-6-Fetts\u00e4uren lindern sp\u00fcrbar Hautr\u00f6tungen, Rauigkeit und Schuppung bei sehr trockener Haut und helfen, den nat\u00fcrlichen Eigenschutz der Haut zu regenerieren. Speziell bei Neurodermitis und Schuppenflechte geeignet.<\/p>\n","protected":false},"excerpt":{"rendered":"<p>Als hautberuhigende Intensivpflege von sehr trockener, ger\u00f6teter Haut eignen sich Sebamed Trockene Haut Gesichtscreme mit hochkonzentrierten Omega-6-Fetts\u00e4uren. Hochkonzentrierte Omega-6-Fetts\u00e4uren lindern sp\u00fcrbar Hautr\u00f6tungen, Rauigkeit und Schuppung bei sehr trockener Haut und helfen, den nat\u00fcrlichen Eigenschutz der Haut zu regenerieren. Speziell bei Neurodermitis und Schuppenflechte geeignet.<\/p>\n","protected":false},"featured_media":0,"template":"","meta":{"_acf_changed":false},"product_brand":[],"product_cat":[303],"product_tag":[],"class_list":{"0":"post-105774","1":"product","2":"type-product","3":"status-publish","5":"product_cat-s","6":"pa_packungsgroesse-50ml","8":"first","9":"instock","10":"shipping-taxable","11":"purchasable","12":"product-type-simple"},"acf":[],"_links":{"self":[{"href":"https:\/\/www.hirtenberg-apotheke.at\/katalog\/wp-json\/wp\/v2\/product\/105774","targetHints":{"allow":["GET"]}}],"collection":[{"href":"https:\/\/www.hirtenberg-apotheke.at\/katalog\/wp-json\/wp\/v2\/product"}],"about":[{"href":"https:\/\/www.hirtenberg-apotheke.at\/katalog\/wp-json\/wp\/v2\/types\/product"}],"wp:attachment":[{"href":"https:\/\/www.hirtenberg-apotheke.at\/katalog\/wp-json\/wp\/v2\/media?parent=105774"}],"wp:term":[{"taxonomy":"product_brand","embeddable":true,"href":"https:\/\/www.hirtenberg-apotheke.at\/katalog\/wp-json\/wp\/v2\/product_brand?post=105774"},{"taxonomy":"product_cat","embeddable":true,"href":"https:\/\/www.hirtenberg-apotheke.at\/katalog\/wp-json\/wp\/v2\/product_cat?post=105774"},{"taxonomy":"product_tag","embeddable":true,"href":"https:\/\/www.hirtenberg-apotheke.at\/katalog\/wp-json\/wp\/v2\/product_tag?post=105774"}],"curies":[{"name":"wp","href":"https:\/\/api.w.org\/{rel}","templated":true}]}}