{"id":105952,"date":"2025-12-03T09:12:26","date_gmt":"2025-12-03T08:12:26","guid":{"rendered":"https:\/\/www.hirtenberg-apotheke.at\/katalog\/produkt\/huebner-silicea-zahnpasta-50-ml\/"},"modified":"2025-12-03T09:13:07","modified_gmt":"2025-12-03T08:13:07","slug":"huebner-silicea-zahnpasta-50-ml","status":"publish","type":"product","link":"https:\/\/www.hirtenberg-apotheke.at\/katalog\/produkt\/huebner-silicea-zahnpasta-50-ml\/","title":{"rendered":"H\u00fcbner Silicea Zahnpasta 50 ml"},"content":{"rendered":"<p>H\u00fcbner Silicea Zahnpasta mit Pfefferminz\u00f6l ist eine Zahnpasta zur Gesunderhaltung der Z\u00e4hne und des Zahnbettes. Die bew\u00e4hrte Mund- und Zahnpflege dient auch zur Pflege empfindlicher Z\u00e4hne und Zahnh\u00e4lse. Die Pasta zeichnet sich durch einen schonenden Putzeffekt und erfrischendes Aroma aus.<\/p>\n","protected":false},"excerpt":{"rendered":"<p>H\u00fcbner Silicea Zahnpasta mit Pfefferminz\u00f6l ist eine Zahnpasta zur Gesunderhaltung der Z\u00e4hne und des Zahnbettes. Die bew\u00e4hrte Mund- und Zahnpflege dient auch zur Pflege empfindlicher Z\u00e4hne und Zahnh\u00e4lse. Die Pasta zeichnet sich durch einen schonenden Putzeffekt und erfrischendes Aroma aus.<\/p>\n","protected":false},"featured_media":105954,"template":"","meta":{"_acf_changed":false},"product_brand":[],"product_cat":[330],"product_tag":[],"class_list":{"0":"post-105952","1":"product","2":"type-product","3":"status-publish","4":"has-post-thumbnail","6":"product_cat-h","7":"pa_packungsgroesse-50ml","9":"first","10":"instock","11":"shipping-taxable","12":"purchasable","13":"product-type-simple"},"acf":[],"_links":{"self":[{"href":"https:\/\/www.hirtenberg-apotheke.at\/katalog\/wp-json\/wp\/v2\/product\/105952","targetHints":{"allow":["GET"]}}],"collection":[{"href":"https:\/\/www.hirtenberg-apotheke.at\/katalog\/wp-json\/wp\/v2\/product"}],"about":[{"href":"https:\/\/www.hirtenberg-apotheke.at\/katalog\/wp-json\/wp\/v2\/types\/product"}],"wp:featuredmedia":[{"embeddable":true,"href":"https:\/\/www.hirtenberg-apotheke.at\/katalog\/wp-json\/wp\/v2\/media\/105954"}],"wp:attachment":[{"href":"https:\/\/www.hirtenberg-apotheke.at\/katalog\/wp-json\/wp\/v2\/media?parent=105952"}],"wp:term":[{"taxonomy":"product_brand","embeddable":true,"href":"https:\/\/www.hirtenberg-apotheke.at\/katalog\/wp-json\/wp\/v2\/product_brand?post=105952"},{"taxonomy":"product_cat","embeddable":true,"href":"https:\/\/www.hirtenberg-apotheke.at\/katalog\/wp-json\/wp\/v2\/product_cat?post=105952"},{"taxonomy":"product_tag","embeddable":true,"href":"https:\/\/www.hirtenberg-apotheke.at\/katalog\/wp-json\/wp\/v2\/product_tag?post=105952"}],"curies":[{"name":"wp","href":"https:\/\/api.w.org\/{rel}","templated":true}]}}