{"id":105963,"date":"2025-12-03T09:13:07","date_gmt":"2025-12-03T08:13:07","guid":{"rendered":"https:\/\/www.hirtenberg-apotheke.at\/katalog\/produkt\/silphion-16-kraeuter-vitamin-c-elixier-720-ml\/"},"modified":"2025-12-03T09:13:09","modified_gmt":"2025-12-03T08:13:09","slug":"silphion-16-kraeuter-vitamin-c-elixier-720-ml","status":"publish","type":"product","link":"https:\/\/www.hirtenberg-apotheke.at\/katalog\/produkt\/silphion-16-kraeuter-vitamin-c-elixier-720-ml\/","title":{"rendered":"Silphion 16 Kr\u00e4uter Vitamin C Elixier 720 ml"},"content":{"rendered":"<p>Silphion 16 Kr\u00e4uter Vitamin C Elixier ist ein wohlschmeckender, alkoholfreier BIO-Kr\u00e4uter-Ap\u00e9ritif mit der leichten Frische der Holunderbl\u00fcte und Ausz\u00fcgen aus 16 wohlschmeckenden Kr\u00e4utern, sowie nat\u00fcrlichem Vitamin C aus Acerola f\u00fcr Gesundheit und Wohlbefinden.<\/p>\n","protected":false},"excerpt":{"rendered":"<p>Silphion 16 Kr\u00e4uter Vitamin C Elixier ist ein wohlschmeckender, alkoholfreier BIO-Kr\u00e4uter-Ap\u00e9ritif mit der leichten Frische der Holunderbl\u00fcte und Ausz\u00fcgen aus 16 wohlschmeckenden Kr\u00e4utern, sowie nat\u00fcrlichem Vitamin C aus Acerola f\u00fcr Gesundheit und Wohlbefinden.<\/p>\n","protected":false},"featured_media":0,"template":"","meta":{"_acf_changed":false},"product_brand":[],"product_cat":[303],"product_tag":[],"class_list":{"0":"post-105963","1":"product","2":"type-product","3":"status-publish","5":"product_cat-s","6":"pa_packungsgroesse-720ml","8":"first","9":"instock","10":"shipping-taxable","11":"purchasable","12":"product-type-simple"},"acf":[],"_links":{"self":[{"href":"https:\/\/www.hirtenberg-apotheke.at\/katalog\/wp-json\/wp\/v2\/product\/105963","targetHints":{"allow":["GET"]}}],"collection":[{"href":"https:\/\/www.hirtenberg-apotheke.at\/katalog\/wp-json\/wp\/v2\/product"}],"about":[{"href":"https:\/\/www.hirtenberg-apotheke.at\/katalog\/wp-json\/wp\/v2\/types\/product"}],"wp:attachment":[{"href":"https:\/\/www.hirtenberg-apotheke.at\/katalog\/wp-json\/wp\/v2\/media?parent=105963"}],"wp:term":[{"taxonomy":"product_brand","embeddable":true,"href":"https:\/\/www.hirtenberg-apotheke.at\/katalog\/wp-json\/wp\/v2\/product_brand?post=105963"},{"taxonomy":"product_cat","embeddable":true,"href":"https:\/\/www.hirtenberg-apotheke.at\/katalog\/wp-json\/wp\/v2\/product_cat?post=105963"},{"taxonomy":"product_tag","embeddable":true,"href":"https:\/\/www.hirtenberg-apotheke.at\/katalog\/wp-json\/wp\/v2\/product_tag?post=105963"}],"curies":[{"name":"wp","href":"https:\/\/api.w.org\/{rel}","templated":true}]}}