{"id":106261,"date":"2025-12-03T09:21:57","date_gmt":"2025-12-03T08:21:57","guid":{"rendered":"https:\/\/www.hirtenberg-apotheke.at\/katalog\/produkt\/stella-likoerkomposition-kaiserbirne-1-stk\/"},"modified":"2025-12-03T09:22:01","modified_gmt":"2025-12-03T08:22:01","slug":"stella-likoerkomposition-kaiserbirne-1-stk","status":"publish","type":"product","link":"https:\/\/www.hirtenberg-apotheke.at\/katalog\/produkt\/stella-likoerkomposition-kaiserbirne-1-stk\/","title":{"rendered":"Stella Lik\u00f6rkomposition Kaiserbirne 1 Stk."},"content":{"rendered":"<p>Die Stella Lik\u00f6rkompositionen sind ein Traditionsprodukt der Familie Wurth und werden seit etwa 80 Jahren sorgf\u00e4ltig von uns hergestellt. Zum Abrunden von Lik\u00f6ren.<\/p>\n","protected":false},"excerpt":{"rendered":"<p>Die Stella Lik\u00f6rkompositionen sind ein Traditionsprodukt der Familie Wurth und werden seit etwa 80 Jahren sorgf\u00e4ltig von uns hergestellt. Zum Abrunden von Lik\u00f6ren.<\/p>\n","protected":false},"featured_media":106263,"template":"","meta":{"_acf_changed":false},"product_brand":[],"product_cat":[303],"product_tag":[],"class_list":{"0":"post-106261","1":"product","2":"type-product","3":"status-publish","4":"has-post-thumbnail","6":"product_cat-s","7":"pa_packungsgroesse-1-stueck","9":"first","10":"instock","11":"shipping-taxable","12":"purchasable","13":"product-type-simple"},"acf":[],"_links":{"self":[{"href":"https:\/\/www.hirtenberg-apotheke.at\/katalog\/wp-json\/wp\/v2\/product\/106261","targetHints":{"allow":["GET"]}}],"collection":[{"href":"https:\/\/www.hirtenberg-apotheke.at\/katalog\/wp-json\/wp\/v2\/product"}],"about":[{"href":"https:\/\/www.hirtenberg-apotheke.at\/katalog\/wp-json\/wp\/v2\/types\/product"}],"wp:featuredmedia":[{"embeddable":true,"href":"https:\/\/www.hirtenberg-apotheke.at\/katalog\/wp-json\/wp\/v2\/media\/106263"}],"wp:attachment":[{"href":"https:\/\/www.hirtenberg-apotheke.at\/katalog\/wp-json\/wp\/v2\/media?parent=106261"}],"wp:term":[{"taxonomy":"product_brand","embeddable":true,"href":"https:\/\/www.hirtenberg-apotheke.at\/katalog\/wp-json\/wp\/v2\/product_brand?post=106261"},{"taxonomy":"product_cat","embeddable":true,"href":"https:\/\/www.hirtenberg-apotheke.at\/katalog\/wp-json\/wp\/v2\/product_cat?post=106261"},{"taxonomy":"product_tag","embeddable":true,"href":"https:\/\/www.hirtenberg-apotheke.at\/katalog\/wp-json\/wp\/v2\/product_tag?post=106261"}],"curies":[{"name":"wp","href":"https:\/\/api.w.org\/{rel}","templated":true}]}}